{"id":9678,"date":"2022-01-14T00:05:35","date_gmt":"2022-01-13T23:05:35","guid":{"rendered":"https:\/\/www.sylviebiollu.com\/site\/?post_type=product&#038;p=9678"},"modified":"2025-11-15T18:53:00","modified_gmt":"2025-11-15T17:53:00","slug":"collier-plaque-or-ma-protection","status":"publish","type":"product","link":"https:\/\/www.sylviebiollu.com\/site\/collier-plaque-or-ma-protection\/","title":{"rendered":"Collier plaqu\u00e9 or Ma Protection 45 cm"},"content":{"rendered":"","protected":false},"excerpt":{"rendered":"<h2>Collier plaqu\u00e9 or avec chaine de longueur 45 cm, pierre fine labradorite et \u00e9toile polaire.<\/h2>\n<h2><span style=\"color: #333333;font-size: 1rem\">Ornements : pendentif cercle 15 mm avec une pierre fine labradorite blanche (pierre de lune) de 0,5 mm suspendue \u00e0 l\u2019int\u00e9rieur et finie par une \u00e9toile polaire de 0,5 mm suspendue \u00e0 l&#8217;ext\u00e9rieur.<\/span><\/h2>\n","protected":false},"featured_media":9679,"comment_status":"closed","ping_status":"closed","template":"","meta":[],"product_brand":[383],"product_cat":[6],"product_tag":[405,178,154,128,369],"class_list":{"0":"post-9678","1":"product","2":"type-product","3":"status-publish","4":"has-post-thumbnail","6":"product_brand-sylvie-biollu","7":"product_cat-colliers","8":"product_tag-etoile-polaire","9":"product_tag-labradorite","10":"product_tag-pierre-naturelle","11":"product_tag-plaque-or","12":"product_tag-symbole","14":"first","15":"outofstock","16":"shipping-taxable","17":"purchasable","18":"product-type-simple"},"_links":{"self":[{"href":"https:\/\/www.sylviebiollu.com\/site\/wp-json\/wp\/v2\/product\/9678","targetHints":{"allow":["GET"]}}],"collection":[{"href":"https:\/\/www.sylviebiollu.com\/site\/wp-json\/wp\/v2\/product"}],"about":[{"href":"https:\/\/www.sylviebiollu.com\/site\/wp-json\/wp\/v2\/types\/product"}],"replies":[{"embeddable":true,"href":"https:\/\/www.sylviebiollu.com\/site\/wp-json\/wp\/v2\/comments?post=9678"}],"version-history":[{"count":2,"href":"https:\/\/www.sylviebiollu.com\/site\/wp-json\/wp\/v2\/product\/9678\/revisions"}],"predecessor-version":[{"id":11702,"href":"https:\/\/www.sylviebiollu.com\/site\/wp-json\/wp\/v2\/product\/9678\/revisions\/11702"}],"wp:featuredmedia":[{"embeddable":true,"href":"https:\/\/www.sylviebiollu.com\/site\/wp-json\/wp\/v2\/media\/9679"}],"wp:attachment":[{"href":"https:\/\/www.sylviebiollu.com\/site\/wp-json\/wp\/v2\/media?parent=9678"}],"wp:term":[{"taxonomy":"product_brand","embeddable":true,"href":"https:\/\/www.sylviebiollu.com\/site\/wp-json\/wp\/v2\/product_brand?post=9678"},{"taxonomy":"product_cat","embeddable":true,"href":"https:\/\/www.sylviebiollu.com\/site\/wp-json\/wp\/v2\/product_cat?post=9678"},{"taxonomy":"product_tag","embeddable":true,"href":"https:\/\/www.sylviebiollu.com\/site\/wp-json\/wp\/v2\/product_tag?post=9678"}],"curies":[{"name":"wp","href":"https:\/\/api.w.org\/{rel}","templated":true}]}}