{"id":9533,"date":"2022-01-11T23:22:51","date_gmt":"2022-01-11T22:22:51","guid":{"rendered":"https:\/\/www.sylviebiollu.com\/site\/?post_type=product&#038;p=9533"},"modified":"2026-03-05T08:02:06","modified_gmt":"2026-03-05T07:02:06","slug":"collier-argent-adv-talisman","status":"publish","type":"product","link":"https:\/\/www.sylviebiollu.com\/site\/collier-argent-adv-talisman\/","title":{"rendered":"Collier argent Arbre de Vie Talisman 40-45 cm"},"content":{"rendered":"","protected":false},"excerpt":{"rendered":"<h2><strong>Collier argent avec chaine perl\u00e9e de longueur r\u00e9glable 42 \u00e0 45 cm.<\/strong><\/h2>\n<p><strong>Ornements : pendentif motif arbre de vie et mini perle de culture blanche.<\/strong><\/p>\n","protected":false},"featured_media":9534,"comment_status":"closed","ping_status":"closed","template":"","meta":[],"product_brand":[383],"product_cat":[6],"product_tag":[135,125,381,251],"class_list":{"0":"post-9533","1":"product","2":"type-product","3":"status-publish","4":"has-post-thumbnail","6":"product_brand-sylvie-biollu","7":"product_cat-colliers","8":"product_tag-arbre-de-vie","9":"product_tag-argent","10":"product_tag-chaine-perlee","11":"product_tag-perle-de-culture","13":"first","14":"instock","15":"shipping-taxable","16":"purchasable","17":"product-type-simple"},"_links":{"self":[{"href":"https:\/\/www.sylviebiollu.com\/site\/wp-json\/wp\/v2\/product\/9533","targetHints":{"allow":["GET"]}}],"collection":[{"href":"https:\/\/www.sylviebiollu.com\/site\/wp-json\/wp\/v2\/product"}],"about":[{"href":"https:\/\/www.sylviebiollu.com\/site\/wp-json\/wp\/v2\/types\/product"}],"replies":[{"embeddable":true,"href":"https:\/\/www.sylviebiollu.com\/site\/wp-json\/wp\/v2\/comments?post=9533"}],"version-history":[{"count":2,"href":"https:\/\/www.sylviebiollu.com\/site\/wp-json\/wp\/v2\/product\/9533\/revisions"}],"predecessor-version":[{"id":11983,"href":"https:\/\/www.sylviebiollu.com\/site\/wp-json\/wp\/v2\/product\/9533\/revisions\/11983"}],"wp:featuredmedia":[{"embeddable":true,"href":"https:\/\/www.sylviebiollu.com\/site\/wp-json\/wp\/v2\/media\/9534"}],"wp:attachment":[{"href":"https:\/\/www.sylviebiollu.com\/site\/wp-json\/wp\/v2\/media?parent=9533"}],"wp:term":[{"taxonomy":"product_brand","embeddable":true,"href":"https:\/\/www.sylviebiollu.com\/site\/wp-json\/wp\/v2\/product_brand?post=9533"},{"taxonomy":"product_cat","embeddable":true,"href":"https:\/\/www.sylviebiollu.com\/site\/wp-json\/wp\/v2\/product_cat?post=9533"},{"taxonomy":"product_tag","embeddable":true,"href":"https:\/\/www.sylviebiollu.com\/site\/wp-json\/wp\/v2\/product_tag?post=9533"}],"curies":[{"name":"wp","href":"https:\/\/api.w.org\/{rel}","templated":true}]}}