{"id":9124,"date":"2021-12-29T22:32:39","date_gmt":"2021-12-29T21:32:39","guid":{"rendered":"https:\/\/www.sylviebiollu.com\/site\/?post_type=product&#038;p=9124"},"modified":"2025-12-02T00:26:09","modified_gmt":"2025-12-01T23:26:09","slug":"boucles-doreilles-plaque-or-mahe","status":"publish","type":"product","link":"https:\/\/www.sylviebiollu.com\/site\/boucles-doreilles-plaque-or-mahe\/","title":{"rendered":"Boucles d&#8217;oreilles plaqu\u00e9 or Mah\u00e9"},"content":{"rendered":"","protected":false},"excerpt":{"rendered":"<h2>Boucles d&#8217;oreilles plaqu\u00e9 or avec monture type\u00a0dormeuse, avec perle et pierre fine.<\/h2>\n<p>Ornements\u00a0: motif rond ouvrag\u00e9 de diam\u00e8tre 30 mm, une perle de culture 6 mm et une mini aigue-marine.<\/p>\n","protected":false},"featured_media":9125,"comment_status":"closed","ping_status":"closed","template":"","meta":[],"product_brand":[383],"product_cat":[9],"product_tag":[362,251,154,128],"class_list":{"0":"post-9124","1":"product","2":"type-product","3":"status-publish","4":"has-post-thumbnail","6":"product_brand-sylvie-biollu","7":"product_cat-boucles-oreilles","8":"product_tag-aigue-marine","9":"product_tag-perle-de-culture","10":"product_tag-pierre-naturelle","11":"product_tag-plaque-or","13":"first","14":"instock","15":"shipping-taxable","16":"purchasable","17":"product-type-simple"},"_links":{"self":[{"href":"https:\/\/www.sylviebiollu.com\/site\/wp-json\/wp\/v2\/product\/9124","targetHints":{"allow":["GET"]}}],"collection":[{"href":"https:\/\/www.sylviebiollu.com\/site\/wp-json\/wp\/v2\/product"}],"about":[{"href":"https:\/\/www.sylviebiollu.com\/site\/wp-json\/wp\/v2\/types\/product"}],"replies":[{"embeddable":true,"href":"https:\/\/www.sylviebiollu.com\/site\/wp-json\/wp\/v2\/comments?post=9124"}],"version-history":[{"count":2,"href":"https:\/\/www.sylviebiollu.com\/site\/wp-json\/wp\/v2\/product\/9124\/revisions"}],"predecessor-version":[{"id":9593,"href":"https:\/\/www.sylviebiollu.com\/site\/wp-json\/wp\/v2\/product\/9124\/revisions\/9593"}],"wp:featuredmedia":[{"embeddable":true,"href":"https:\/\/www.sylviebiollu.com\/site\/wp-json\/wp\/v2\/media\/9125"}],"wp:attachment":[{"href":"https:\/\/www.sylviebiollu.com\/site\/wp-json\/wp\/v2\/media?parent=9124"}],"wp:term":[{"taxonomy":"product_brand","embeddable":true,"href":"https:\/\/www.sylviebiollu.com\/site\/wp-json\/wp\/v2\/product_brand?post=9124"},{"taxonomy":"product_cat","embeddable":true,"href":"https:\/\/www.sylviebiollu.com\/site\/wp-json\/wp\/v2\/product_cat?post=9124"},{"taxonomy":"product_tag","embeddable":true,"href":"https:\/\/www.sylviebiollu.com\/site\/wp-json\/wp\/v2\/product_tag?post=9124"}],"curies":[{"name":"wp","href":"https:\/\/api.w.org\/{rel}","templated":true}]}}