{"id":8634,"date":"2022-01-14T13:43:34","date_gmt":"2022-01-14T12:43:34","guid":{"rendered":"https:\/\/www.sylviebiollu.com\/site\/?post_type=product&#038;p=8634"},"modified":"2025-08-20T13:27:52","modified_gmt":"2025-08-20T11:27:52","slug":"bracelet-fil-reglable-fiori","status":"publish","type":"product","link":"https:\/\/www.sylviebiollu.com\/site\/bracelet-fil-reglable-fiori\/","title":{"rendered":"Bracelet fil r\u00e9glable Fiori"},"content":{"rendered":"","protected":false},"excerpt":{"rendered":"<h2>Bracelet fil r\u00e9glable en nylon attache type &#8220;macram\u00e9&#8221;, avec fleur de nacre et petite perle.<\/h2>\n<p>Ornements : fleur nacre blanche et mini perle de culture.<\/p>\n<p>Deux tailles de fleur disponible : 10 mm ou 15 mm.<\/p>\n","protected":false},"featured_media":9698,"comment_status":"closed","ping_status":"closed","template":"","meta":[],"product_brand":[383],"product_cat":[10],"product_tag":[371,123,251],"class_list":{"0":"post-8634","1":"product","2":"type-product","3":"status-publish","4":"has-post-thumbnail","6":"product_brand-sylvie-biollu","7":"product_cat-bracelets","8":"product_tag-macrame","9":"product_tag-nacre","10":"product_tag-perle-de-culture","12":"first","13":"outofstock","14":"shipping-taxable","15":"purchasable","16":"product-type-variable"},"_links":{"self":[{"href":"https:\/\/www.sylviebiollu.com\/site\/wp-json\/wp\/v2\/product\/8634","targetHints":{"allow":["GET"]}}],"collection":[{"href":"https:\/\/www.sylviebiollu.com\/site\/wp-json\/wp\/v2\/product"}],"about":[{"href":"https:\/\/www.sylviebiollu.com\/site\/wp-json\/wp\/v2\/types\/product"}],"replies":[{"embeddable":true,"href":"https:\/\/www.sylviebiollu.com\/site\/wp-json\/wp\/v2\/comments?post=8634"}],"version-history":[{"count":6,"href":"https:\/\/www.sylviebiollu.com\/site\/wp-json\/wp\/v2\/product\/8634\/revisions"}],"predecessor-version":[{"id":9700,"href":"https:\/\/www.sylviebiollu.com\/site\/wp-json\/wp\/v2\/product\/8634\/revisions\/9700"}],"wp:featuredmedia":[{"embeddable":true,"href":"https:\/\/www.sylviebiollu.com\/site\/wp-json\/wp\/v2\/media\/9698"}],"wp:attachment":[{"href":"https:\/\/www.sylviebiollu.com\/site\/wp-json\/wp\/v2\/media?parent=8634"}],"wp:term":[{"taxonomy":"product_brand","embeddable":true,"href":"https:\/\/www.sylviebiollu.com\/site\/wp-json\/wp\/v2\/product_brand?post=8634"},{"taxonomy":"product_cat","embeddable":true,"href":"https:\/\/www.sylviebiollu.com\/site\/wp-json\/wp\/v2\/product_cat?post=8634"},{"taxonomy":"product_tag","embeddable":true,"href":"https:\/\/www.sylviebiollu.com\/site\/wp-json\/wp\/v2\/product_tag?post=8634"}],"curies":[{"name":"wp","href":"https:\/\/api.w.org\/{rel}","templated":true}]}}