{"id":8066,"date":"2021-04-13T20:35:03","date_gmt":"2021-04-13T18:35:03","guid":{"rendered":"https:\/\/www.sylviebiollu.com\/site\/?post_type=product&#038;p=8066"},"modified":"2025-12-19T09:16:16","modified_gmt":"2025-12-19T08:16:16","slug":"boucles-doreilles-fil-plaque-or-amazonia","status":"publish","type":"product","link":"https:\/\/www.sylviebiollu.com\/site\/boucles-doreilles-fil-plaque-or-amazonia\/","title":{"rendered":"Boucles d&#8217;oreilles fil plaqu\u00e9 or Amazonia"},"content":{"rendered":"","protected":false},"excerpt":{"rendered":"<p>Boucles d&#8217;oreilles fil plaqu\u00e9 or mod\u00e8le long de longueur 4 cm.<\/p>\n<p><strong>Ornement<\/strong> :\u00a0petits cubes en amazonite 4 mm.<\/p>\n","protected":false},"featured_media":8068,"comment_status":"closed","ping_status":"closed","template":"","meta":[],"product_brand":[383],"product_cat":[246,9],"product_tag":[154,128],"class_list":{"0":"post-8066","1":"product","2":"type-product","3":"status-publish","4":"has-post-thumbnail","6":"product_brand-sylvie-biollu","7":"product_cat-fils-oreilles","8":"product_cat-boucles-oreilles","9":"product_tag-pierre-naturelle","10":"product_tag-plaque-or","12":"first","13":"instock","14":"shipping-taxable","15":"purchasable","16":"product-type-simple"},"_links":{"self":[{"href":"https:\/\/www.sylviebiollu.com\/site\/wp-json\/wp\/v2\/product\/8066","targetHints":{"allow":["GET"]}}],"collection":[{"href":"https:\/\/www.sylviebiollu.com\/site\/wp-json\/wp\/v2\/product"}],"about":[{"href":"https:\/\/www.sylviebiollu.com\/site\/wp-json\/wp\/v2\/types\/product"}],"replies":[{"embeddable":true,"href":"https:\/\/www.sylviebiollu.com\/site\/wp-json\/wp\/v2\/comments?post=8066"}],"version-history":[{"count":4,"href":"https:\/\/www.sylviebiollu.com\/site\/wp-json\/wp\/v2\/product\/8066\/revisions"}],"predecessor-version":[{"id":9215,"href":"https:\/\/www.sylviebiollu.com\/site\/wp-json\/wp\/v2\/product\/8066\/revisions\/9215"}],"wp:featuredmedia":[{"embeddable":true,"href":"https:\/\/www.sylviebiollu.com\/site\/wp-json\/wp\/v2\/media\/8068"}],"wp:attachment":[{"href":"https:\/\/www.sylviebiollu.com\/site\/wp-json\/wp\/v2\/media?parent=8066"}],"wp:term":[{"taxonomy":"product_brand","embeddable":true,"href":"https:\/\/www.sylviebiollu.com\/site\/wp-json\/wp\/v2\/product_brand?post=8066"},{"taxonomy":"product_cat","embeddable":true,"href":"https:\/\/www.sylviebiollu.com\/site\/wp-json\/wp\/v2\/product_cat?post=8066"},{"taxonomy":"product_tag","embeddable":true,"href":"https:\/\/www.sylviebiollu.com\/site\/wp-json\/wp\/v2\/product_tag?post=8066"}],"curies":[{"name":"wp","href":"https:\/\/api.w.org\/{rel}","templated":true}]}}