{"id":7887,"date":"2021-03-26T21:22:14","date_gmt":"2021-03-26T20:22:14","guid":{"rendered":"https:\/\/www.sylviebiollu.com\/site\/?post_type=product&#038;p=7887"},"modified":"2024-04-23T11:33:09","modified_gmt":"2024-04-23T09:33:09","slug":"collier-plaque-or-maya","status":"publish","type":"product","link":"https:\/\/www.sylviebiollu.com\/site\/collier-plaque-or-maya\/","title":{"rendered":"Collier plaqu\u00e9 or Maya"},"content":{"rendered":"","protected":false},"excerpt":{"rendered":"<p>Collier plaqu\u00e9 or avec chaine et fermoir en plaqu\u00e9 or, longueur r\u00e9glable de 40 \u00e0 43 cm<\/p>\n<p>Ornements : pierres naturelles\u00a0Pierre de lune et rondelles de cristal Swarovski\u00a9<\/p>\n","protected":false},"featured_media":7888,"comment_status":"closed","ping_status":"closed","template":"","meta":[],"product_brand":[383],"product_cat":[6],"product_tag":[151,158,154,128],"class_list":{"0":"post-7887","1":"product","2":"type-product","3":"status-publish","4":"has-post-thumbnail","6":"product_brand-sylvie-biollu","7":"product_cat-colliers","8":"product_tag-cristal","9":"product_tag-pierre-de-lune","10":"product_tag-pierre-naturelle","11":"product_tag-plaque-or","13":"first","14":"instock","15":"shipping-taxable","16":"purchasable","17":"product-type-simple"},"_links":{"self":[{"href":"https:\/\/www.sylviebiollu.com\/site\/wp-json\/wp\/v2\/product\/7887","targetHints":{"allow":["GET"]}}],"collection":[{"href":"https:\/\/www.sylviebiollu.com\/site\/wp-json\/wp\/v2\/product"}],"about":[{"href":"https:\/\/www.sylviebiollu.com\/site\/wp-json\/wp\/v2\/types\/product"}],"replies":[{"embeddable":true,"href":"https:\/\/www.sylviebiollu.com\/site\/wp-json\/wp\/v2\/comments?post=7887"}],"version-history":[{"count":3,"href":"https:\/\/www.sylviebiollu.com\/site\/wp-json\/wp\/v2\/product\/7887\/revisions"}],"predecessor-version":[{"id":9286,"href":"https:\/\/www.sylviebiollu.com\/site\/wp-json\/wp\/v2\/product\/7887\/revisions\/9286"}],"wp:featuredmedia":[{"embeddable":true,"href":"https:\/\/www.sylviebiollu.com\/site\/wp-json\/wp\/v2\/media\/7888"}],"wp:attachment":[{"href":"https:\/\/www.sylviebiollu.com\/site\/wp-json\/wp\/v2\/media?parent=7887"}],"wp:term":[{"taxonomy":"product_brand","embeddable":true,"href":"https:\/\/www.sylviebiollu.com\/site\/wp-json\/wp\/v2\/product_brand?post=7887"},{"taxonomy":"product_cat","embeddable":true,"href":"https:\/\/www.sylviebiollu.com\/site\/wp-json\/wp\/v2\/product_cat?post=7887"},{"taxonomy":"product_tag","embeddable":true,"href":"https:\/\/www.sylviebiollu.com\/site\/wp-json\/wp\/v2\/product_tag?post=7887"}],"curies":[{"name":"wp","href":"https:\/\/api.w.org\/{rel}","templated":true}]}}