{"id":7099,"date":"2020-11-11T22:32:03","date_gmt":"2020-11-11T21:32:03","guid":{"rendered":"https:\/\/www.sylviebiollu.com\/site\/?post_type=product&#038;p=7099"},"modified":"2024-12-20T13:44:37","modified_gmt":"2024-12-20T12:44:37","slug":"boucles-doreilles-fil-plaque-or-sarah","status":"publish","type":"product","link":"https:\/\/www.sylviebiollu.com\/site\/boucles-doreilles-fil-plaque-or-sarah\/","title":{"rendered":"Boucles d&#8217;oreilles fil plaqu\u00e9 or Sarah"},"content":{"rendered":"","protected":false},"excerpt":{"rendered":"<p>Boucles d&#8217;oreilles fil plaqu\u00e9 or mod\u00e8le long, longueur totale 6 cm.<\/p>\n<p><strong>Ornement<\/strong> : perle d\u2019eau plates diam\u00e8tre 10 mm environ de couleur blanc nacre.<\/p>\n","protected":false},"featured_media":8346,"comment_status":"closed","ping_status":"closed","template":"","meta":[],"product_brand":[383],"product_cat":[246,9],"product_tag":[],"class_list":{"0":"post-7099","1":"product","2":"type-product","3":"status-publish","4":"has-post-thumbnail","6":"product_brand-sylvie-biollu","7":"product_cat-fils-oreilles","8":"product_cat-boucles-oreilles","10":"first","11":"instock","12":"shipping-taxable","13":"purchasable","14":"product-type-simple"},"_links":{"self":[{"href":"https:\/\/www.sylviebiollu.com\/site\/wp-json\/wp\/v2\/product\/7099","targetHints":{"allow":["GET"]}}],"collection":[{"href":"https:\/\/www.sylviebiollu.com\/site\/wp-json\/wp\/v2\/product"}],"about":[{"href":"https:\/\/www.sylviebiollu.com\/site\/wp-json\/wp\/v2\/types\/product"}],"replies":[{"embeddable":true,"href":"https:\/\/www.sylviebiollu.com\/site\/wp-json\/wp\/v2\/comments?post=7099"}],"version-history":[{"count":5,"href":"https:\/\/www.sylviebiollu.com\/site\/wp-json\/wp\/v2\/product\/7099\/revisions"}],"predecessor-version":[{"id":9217,"href":"https:\/\/www.sylviebiollu.com\/site\/wp-json\/wp\/v2\/product\/7099\/revisions\/9217"}],"wp:featuredmedia":[{"embeddable":true,"href":"https:\/\/www.sylviebiollu.com\/site\/wp-json\/wp\/v2\/media\/8346"}],"wp:attachment":[{"href":"https:\/\/www.sylviebiollu.com\/site\/wp-json\/wp\/v2\/media?parent=7099"}],"wp:term":[{"taxonomy":"product_brand","embeddable":true,"href":"https:\/\/www.sylviebiollu.com\/site\/wp-json\/wp\/v2\/product_brand?post=7099"},{"taxonomy":"product_cat","embeddable":true,"href":"https:\/\/www.sylviebiollu.com\/site\/wp-json\/wp\/v2\/product_cat?post=7099"},{"taxonomy":"product_tag","embeddable":true,"href":"https:\/\/www.sylviebiollu.com\/site\/wp-json\/wp\/v2\/product_tag?post=7099"}],"curies":[{"name":"wp","href":"https:\/\/api.w.org\/{rel}","templated":true}]}}