{"id":6721,"date":"2020-05-22T00:28:38","date_gmt":"2020-05-21T22:28:38","guid":{"rendered":"https:\/\/www.sylviebiollu.com\/site\/?post_type=product&#038;p=6721"},"modified":"2024-02-21T00:09:00","modified_gmt":"2024-02-20T23:09:00","slug":"boucle-doreille-plaque-or-flores","status":"publish","type":"product","link":"https:\/\/www.sylviebiollu.com\/site\/boucle-doreille-plaque-or-flores\/","title":{"rendered":"Boucle d&#8217;oreille plaqu\u00e9 or Flores"},"content":{"rendered":"","protected":false},"excerpt":{"rendered":"<p>Mini cr\u00e9oles \u00a0en plaqu\u00e9 or avec une fleur en nacre 10 mm prolong\u00e9e d&#8217;une feuille de 15 mm en plaqu\u00e9 or.<\/p>\n<p>Trois tailles d&#8217;anneau disponible : 15 mm, 25 mm, 30 mm<\/p>\n<p>Deux couleurs disponibles : nacre blanche ou nacre grise Tahiti<\/p>\n","protected":false},"featured_media":8352,"comment_status":"closed","ping_status":"closed","template":"","meta":[],"product_brand":[383],"product_cat":[9],"product_tag":[174,139,387,123,128,369],"class_list":{"0":"post-6721","1":"product","2":"type-product","3":"status-publish","4":"has-post-thumbnail","6":"product_brand-sylvie-biollu","7":"product_cat-boucles-oreilles","8":"product_tag-creole","9":"product_tag-feuille","10":"product_tag-fleur","11":"product_tag-nacre","12":"product_tag-plaque-or","13":"product_tag-symbole","15":"first","16":"instock","17":"featured","18":"sold-individually","19":"shipping-taxable","20":"purchasable","21":"product-type-variable"},"_links":{"self":[{"href":"https:\/\/www.sylviebiollu.com\/site\/wp-json\/wp\/v2\/product\/6721","targetHints":{"allow":["GET"]}}],"collection":[{"href":"https:\/\/www.sylviebiollu.com\/site\/wp-json\/wp\/v2\/product"}],"about":[{"href":"https:\/\/www.sylviebiollu.com\/site\/wp-json\/wp\/v2\/types\/product"}],"replies":[{"embeddable":true,"href":"https:\/\/www.sylviebiollu.com\/site\/wp-json\/wp\/v2\/comments?post=6721"}],"version-history":[{"count":3,"href":"https:\/\/www.sylviebiollu.com\/site\/wp-json\/wp\/v2\/product\/6721\/revisions"}],"predecessor-version":[{"id":7807,"href":"https:\/\/www.sylviebiollu.com\/site\/wp-json\/wp\/v2\/product\/6721\/revisions\/7807"}],"wp:featuredmedia":[{"embeddable":true,"href":"https:\/\/www.sylviebiollu.com\/site\/wp-json\/wp\/v2\/media\/8352"}],"wp:attachment":[{"href":"https:\/\/www.sylviebiollu.com\/site\/wp-json\/wp\/v2\/media?parent=6721"}],"wp:term":[{"taxonomy":"product_brand","embeddable":true,"href":"https:\/\/www.sylviebiollu.com\/site\/wp-json\/wp\/v2\/product_brand?post=6721"},{"taxonomy":"product_cat","embeddable":true,"href":"https:\/\/www.sylviebiollu.com\/site\/wp-json\/wp\/v2\/product_cat?post=6721"},{"taxonomy":"product_tag","embeddable":true,"href":"https:\/\/www.sylviebiollu.com\/site\/wp-json\/wp\/v2\/product_tag?post=6721"}],"curies":[{"name":"wp","href":"https:\/\/api.w.org\/{rel}","templated":true}]}}