{"id":6695,"date":"2020-05-21T22:40:20","date_gmt":"2020-05-21T20:40:20","guid":{"rendered":"https:\/\/www.sylviebiollu.com\/site\/?post_type=product&#038;p=6695"},"modified":"2024-04-23T11:34:42","modified_gmt":"2024-04-23T09:34:42","slug":"collier-plaque-or-mon-toi","status":"publish","type":"product","link":"https:\/\/www.sylviebiollu.com\/site\/collier-plaque-or-mon-toi\/","title":{"rendered":"Collier plaqu\u00e9 or Mon Toi"},"content":{"rendered":"","protected":false},"excerpt":{"rendered":"<p>Collier plaqu\u00e9 or avec un pendentif muni d&#8217;un zircon de diam\u00e8tre 3 mm ench\u00e2ss\u00e9 dans une pi\u00e8ce de 6 mm de diam\u00e8tre en plaqu\u00e9 or.<\/p>\n<p>Longueur de la chaine r\u00e9glable : de 40 cm \u00e0 45 cm.<\/p>\n","protected":false},"featured_media":6710,"comment_status":"closed","ping_status":"closed","template":"","meta":[],"product_brand":[383],"product_cat":[6],"product_tag":[128,180],"class_list":{"0":"post-6695","1":"product","2":"type-product","3":"status-publish","4":"has-post-thumbnail","6":"product_brand-sylvie-biollu","7":"product_cat-colliers","8":"product_tag-plaque-or","9":"product_tag-zirconium","11":"first","12":"instock","13":"shipping-taxable","14":"purchasable","15":"product-type-simple"},"_links":{"self":[{"href":"https:\/\/www.sylviebiollu.com\/site\/wp-json\/wp\/v2\/product\/6695","targetHints":{"allow":["GET"]}}],"collection":[{"href":"https:\/\/www.sylviebiollu.com\/site\/wp-json\/wp\/v2\/product"}],"about":[{"href":"https:\/\/www.sylviebiollu.com\/site\/wp-json\/wp\/v2\/types\/product"}],"replies":[{"embeddable":true,"href":"https:\/\/www.sylviebiollu.com\/site\/wp-json\/wp\/v2\/comments?post=6695"}],"version-history":[{"count":3,"href":"https:\/\/www.sylviebiollu.com\/site\/wp-json\/wp\/v2\/product\/6695\/revisions"}],"predecessor-version":[{"id":9302,"href":"https:\/\/www.sylviebiollu.com\/site\/wp-json\/wp\/v2\/product\/6695\/revisions\/9302"}],"wp:featuredmedia":[{"embeddable":true,"href":"https:\/\/www.sylviebiollu.com\/site\/wp-json\/wp\/v2\/media\/6710"}],"wp:attachment":[{"href":"https:\/\/www.sylviebiollu.com\/site\/wp-json\/wp\/v2\/media?parent=6695"}],"wp:term":[{"taxonomy":"product_brand","embeddable":true,"href":"https:\/\/www.sylviebiollu.com\/site\/wp-json\/wp\/v2\/product_brand?post=6695"},{"taxonomy":"product_cat","embeddable":true,"href":"https:\/\/www.sylviebiollu.com\/site\/wp-json\/wp\/v2\/product_cat?post=6695"},{"taxonomy":"product_tag","embeddable":true,"href":"https:\/\/www.sylviebiollu.com\/site\/wp-json\/wp\/v2\/product_tag?post=6695"}],"curies":[{"name":"wp","href":"https:\/\/api.w.org\/{rel}","templated":true}]}}