{"id":6180,"date":"2020-05-13T00:26:10","date_gmt":"2020-05-12T22:26:10","guid":{"rendered":"https:\/\/www.sylviebiollu.com\/site\/?post_type=product&#038;p=6180"},"modified":"2025-12-02T00:32:54","modified_gmt":"2025-12-01T23:32:54","slug":"bracelet-plaque-or-medaille-dor","status":"publish","type":"product","link":"https:\/\/www.sylviebiollu.com\/site\/bracelet-plaque-or-medaille-dor\/","title":{"rendered":"Bracelet plaqu\u00e9 or M\u00e9daille d&#8217;Or"},"content":{"rendered":"","protected":false},"excerpt":{"rendered":"<p>Bracelet plaqu\u00e9 or orn\u00e9 de m\u00e9dailles en plaqu\u00e9 or.<\/p>\n<p>Taille r\u00e9glable de 18 \u00e0 21 cm.<\/p>\n","protected":false},"featured_media":6275,"comment_status":"closed","ping_status":"closed","template":"","meta":[],"product_brand":[383],"product_cat":[10],"product_tag":[128],"class_list":{"0":"post-6180","1":"product","2":"type-product","3":"status-publish","4":"has-post-thumbnail","6":"product_brand-sylvie-biollu","7":"product_cat-bracelets","8":"product_tag-plaque-or","10":"first","11":"outofstock","12":"shipping-taxable","13":"purchasable","14":"product-type-simple"},"_links":{"self":[{"href":"https:\/\/www.sylviebiollu.com\/site\/wp-json\/wp\/v2\/product\/6180","targetHints":{"allow":["GET"]}}],"collection":[{"href":"https:\/\/www.sylviebiollu.com\/site\/wp-json\/wp\/v2\/product"}],"about":[{"href":"https:\/\/www.sylviebiollu.com\/site\/wp-json\/wp\/v2\/types\/product"}],"replies":[{"embeddable":true,"href":"https:\/\/www.sylviebiollu.com\/site\/wp-json\/wp\/v2\/comments?post=6180"}],"version-history":[{"count":3,"href":"https:\/\/www.sylviebiollu.com\/site\/wp-json\/wp\/v2\/product\/6180\/revisions"}],"predecessor-version":[{"id":9258,"href":"https:\/\/www.sylviebiollu.com\/site\/wp-json\/wp\/v2\/product\/6180\/revisions\/9258"}],"wp:featuredmedia":[{"embeddable":true,"href":"https:\/\/www.sylviebiollu.com\/site\/wp-json\/wp\/v2\/media\/6275"}],"wp:attachment":[{"href":"https:\/\/www.sylviebiollu.com\/site\/wp-json\/wp\/v2\/media?parent=6180"}],"wp:term":[{"taxonomy":"product_brand","embeddable":true,"href":"https:\/\/www.sylviebiollu.com\/site\/wp-json\/wp\/v2\/product_brand?post=6180"},{"taxonomy":"product_cat","embeddable":true,"href":"https:\/\/www.sylviebiollu.com\/site\/wp-json\/wp\/v2\/product_cat?post=6180"},{"taxonomy":"product_tag","embeddable":true,"href":"https:\/\/www.sylviebiollu.com\/site\/wp-json\/wp\/v2\/product_tag?post=6180"}],"curies":[{"name":"wp","href":"https:\/\/api.w.org\/{rel}","templated":true}]}}