{"id":6149,"date":"2020-05-12T23:20:56","date_gmt":"2020-05-12T21:20:56","guid":{"rendered":"https:\/\/www.sylviebiollu.com\/site\/?post_type=product&#038;p=6149"},"modified":"2025-12-03T14:44:25","modified_gmt":"2025-12-03T13:44:25","slug":"bracelet-argent-medaille-argent","status":"publish","type":"product","link":"https:\/\/www.sylviebiollu.com\/site\/bracelet-argent-medaille-argent\/","title":{"rendered":"Bracelet argent M\u00e9daille d&#8217;argent"},"content":{"rendered":"","protected":false},"excerpt":{"rendered":"<p>Bracelet argent orn\u00e9 de m\u00e9dailles le tout en argent<\/p>\n<p>Taille r\u00e9glable de 18 \u00e0 21 cm<\/p>\n","protected":false},"featured_media":11892,"comment_status":"closed","ping_status":"closed","template":"","meta":[],"product_brand":[383],"product_cat":[10],"product_tag":[125],"class_list":{"0":"post-6149","1":"product","2":"type-product","3":"status-publish","4":"has-post-thumbnail","6":"product_brand-sylvie-biollu","7":"product_cat-bracelets","8":"product_tag-argent","10":"first","11":"instock","12":"shipping-taxable","13":"purchasable","14":"product-type-simple"},"_links":{"self":[{"href":"https:\/\/www.sylviebiollu.com\/site\/wp-json\/wp\/v2\/product\/6149","targetHints":{"allow":["GET"]}}],"collection":[{"href":"https:\/\/www.sylviebiollu.com\/site\/wp-json\/wp\/v2\/product"}],"about":[{"href":"https:\/\/www.sylviebiollu.com\/site\/wp-json\/wp\/v2\/types\/product"}],"replies":[{"embeddable":true,"href":"https:\/\/www.sylviebiollu.com\/site\/wp-json\/wp\/v2\/comments?post=6149"}],"version-history":[{"count":3,"href":"https:\/\/www.sylviebiollu.com\/site\/wp-json\/wp\/v2\/product\/6149\/revisions"}],"predecessor-version":[{"id":9264,"href":"https:\/\/www.sylviebiollu.com\/site\/wp-json\/wp\/v2\/product\/6149\/revisions\/9264"}],"wp:featuredmedia":[{"embeddable":true,"href":"https:\/\/www.sylviebiollu.com\/site\/wp-json\/wp\/v2\/media\/11892"}],"wp:attachment":[{"href":"https:\/\/www.sylviebiollu.com\/site\/wp-json\/wp\/v2\/media?parent=6149"}],"wp:term":[{"taxonomy":"product_brand","embeddable":true,"href":"https:\/\/www.sylviebiollu.com\/site\/wp-json\/wp\/v2\/product_brand?post=6149"},{"taxonomy":"product_cat","embeddable":true,"href":"https:\/\/www.sylviebiollu.com\/site\/wp-json\/wp\/v2\/product_cat?post=6149"},{"taxonomy":"product_tag","embeddable":true,"href":"https:\/\/www.sylviebiollu.com\/site\/wp-json\/wp\/v2\/product_tag?post=6149"}],"curies":[{"name":"wp","href":"https:\/\/api.w.org\/{rel}","templated":true}]}}