{"id":5858,"date":"2020-04-30T16:18:21","date_gmt":"2020-04-30T14:18:21","guid":{"rendered":"https:\/\/www.sylviebiollu.com\/site\/?post_type=product&#038;p=5858"},"modified":"2025-12-02T00:15:52","modified_gmt":"2025-12-01T23:15:52","slug":"boucles-doreilles-fil-plaque-or-malachite","status":"publish","type":"product","link":"https:\/\/www.sylviebiollu.com\/site\/boucles-doreilles-fil-plaque-or-malachite\/","title":{"rendered":"Boucles d&#8217;oreilles fil plaqu\u00e9 or Malachite"},"content":{"rendered":"","protected":false},"excerpt":{"rendered":"<p>Boucles d&#8217;oreilles fil plaqu\u00e9 or longues, orn\u00e9e de pierres naturelles en malachite<\/p>\n","protected":false},"featured_media":8363,"comment_status":"closed","ping_status":"closed","template":"","meta":[],"product_brand":[383],"product_cat":[9,246],"product_tag":[177,154,128],"class_list":{"0":"post-5858","1":"product","2":"type-product","3":"status-publish","4":"has-post-thumbnail","6":"product_brand-sylvie-biollu","7":"product_cat-boucles-oreilles","8":"product_cat-fils-oreilles","9":"product_tag-malachite","10":"product_tag-pierre-naturelle","11":"product_tag-plaque-or","13":"first","14":"instock","15":"shipping-taxable","16":"purchasable","17":"product-type-simple"},"_links":{"self":[{"href":"https:\/\/www.sylviebiollu.com\/site\/wp-json\/wp\/v2\/product\/5858","targetHints":{"allow":["GET"]}}],"collection":[{"href":"https:\/\/www.sylviebiollu.com\/site\/wp-json\/wp\/v2\/product"}],"about":[{"href":"https:\/\/www.sylviebiollu.com\/site\/wp-json\/wp\/v2\/types\/product"}],"replies":[{"embeddable":true,"href":"https:\/\/www.sylviebiollu.com\/site\/wp-json\/wp\/v2\/comments?post=5858"}],"version-history":[{"count":5,"href":"https:\/\/www.sylviebiollu.com\/site\/wp-json\/wp\/v2\/product\/5858\/revisions"}],"predecessor-version":[{"id":9218,"href":"https:\/\/www.sylviebiollu.com\/site\/wp-json\/wp\/v2\/product\/5858\/revisions\/9218"}],"wp:featuredmedia":[{"embeddable":true,"href":"https:\/\/www.sylviebiollu.com\/site\/wp-json\/wp\/v2\/media\/8363"}],"wp:attachment":[{"href":"https:\/\/www.sylviebiollu.com\/site\/wp-json\/wp\/v2\/media?parent=5858"}],"wp:term":[{"taxonomy":"product_brand","embeddable":true,"href":"https:\/\/www.sylviebiollu.com\/site\/wp-json\/wp\/v2\/product_brand?post=5858"},{"taxonomy":"product_cat","embeddable":true,"href":"https:\/\/www.sylviebiollu.com\/site\/wp-json\/wp\/v2\/product_cat?post=5858"},{"taxonomy":"product_tag","embeddable":true,"href":"https:\/\/www.sylviebiollu.com\/site\/wp-json\/wp\/v2\/product_tag?post=5858"}],"curies":[{"name":"wp","href":"https:\/\/api.w.org\/{rel}","templated":true}]}}