{"id":12014,"date":"2026-02-07T17:25:49","date_gmt":"2026-02-07T16:25:49","guid":{"rendered":"https:\/\/www.sylviebiollu.com\/site\/bracelet-sophie\/"},"modified":"2026-02-07T17:25:55","modified_gmt":"2026-02-07T16:25:55","slug":"bracelet-sophie","status":"publish","type":"product","link":"https:\/\/www.sylviebiollu.com\/site\/bracelet-sophie\/","title":{"rendered":"Bracelet Sophie"},"content":{"rendered":"<p><strong>Bracelet en plaqu\u00e9 or et motif tr\u00e8fle \u00e0 quatre feuilles central en malachite 13 mm , bracelet, r\u00e9glable, 16 \u00e0 18 cm, longueur plus grande sur demande.<\/strong><\/p>\n","protected":false},"excerpt":{"rendered":"<p>Bracelet en plaqu\u00e9 or et motif tr\u00e8fle \u00e0 quatre feuilles central en malachite 13 mm , bracelet, r\u00e9glable, 16 \u00e0 18 cm, longueur plus grande sur demande.<\/p>\n","protected":false},"featured_media":12013,"comment_status":"open","ping_status":"closed","template":"","meta":[],"product_brand":[],"product_cat":[116,10],"product_tag":[588,480,510,449,177,490,572,438,585],"class_list":{"0":"post-12014","1":"product","2":"type-product","3":"status-publish","4":"has-post-thumbnail","6":"product_cat-nouveautes","7":"product_cat-bracelets","8":"product_tag-4-feuilles","9":"product_tag-bracelet","10":"product_tag-chaine-maille-forcat","11":"product_tag-maille-dore","12":"product_tag-malachite","13":"product_tag-motif-trefle","14":"product_tag-reglable","15":"product_tag-trefle","16":"product_tag-trefle-fleur","18":"first","19":"instock","20":"shipping-taxable","21":"purchasable","22":"product-type-simple"},"_links":{"self":[{"href":"https:\/\/www.sylviebiollu.com\/site\/wp-json\/wp\/v2\/product\/12014","targetHints":{"allow":["GET"]}}],"collection":[{"href":"https:\/\/www.sylviebiollu.com\/site\/wp-json\/wp\/v2\/product"}],"about":[{"href":"https:\/\/www.sylviebiollu.com\/site\/wp-json\/wp\/v2\/types\/product"}],"replies":[{"embeddable":true,"href":"https:\/\/www.sylviebiollu.com\/site\/wp-json\/wp\/v2\/comments?post=12014"}],"version-history":[{"count":0,"href":"https:\/\/www.sylviebiollu.com\/site\/wp-json\/wp\/v2\/product\/12014\/revisions"}],"wp:featuredmedia":[{"embeddable":true,"href":"https:\/\/www.sylviebiollu.com\/site\/wp-json\/wp\/v2\/media\/12013"}],"wp:attachment":[{"href":"https:\/\/www.sylviebiollu.com\/site\/wp-json\/wp\/v2\/media?parent=12014"}],"wp:term":[{"taxonomy":"product_brand","embeddable":true,"href":"https:\/\/www.sylviebiollu.com\/site\/wp-json\/wp\/v2\/product_brand?post=12014"},{"taxonomy":"product_cat","embeddable":true,"href":"https:\/\/www.sylviebiollu.com\/site\/wp-json\/wp\/v2\/product_cat?post=12014"},{"taxonomy":"product_tag","embeddable":true,"href":"https:\/\/www.sylviebiollu.com\/site\/wp-json\/wp\/v2\/product_tag?post=12014"}],"curies":[{"name":"wp","href":"https:\/\/api.w.org\/{rel}","templated":true}]}}