{"id":12003,"date":"2026-02-07T17:06:32","date_gmt":"2026-02-07T16:06:32","guid":{"rendered":"https:\/\/www.sylviebiollu.com\/site\/boucles-doreilles-nathalie\/"},"modified":"2026-02-07T17:06:41","modified_gmt":"2026-02-07T16:06:41","slug":"boucles-doreilles-nathalie","status":"publish","type":"product","link":"https:\/\/www.sylviebiollu.com\/site\/boucles-doreilles-nathalie\/","title":{"rendered":"Boucles d\u2019oreilles Nathalie"},"content":{"rendered":"<p><strong>Boucles d&#8217;oreilles pendantes et perles de culture naturelles.<\/strong><\/p>\n<p><strong>Monture cr\u00e9ole dormeuse en plaqu\u00e9 or , cha\u00eenette en or lamin\u00e9 5 microns maille altern\u00e9e orn\u00e9e de 2 mini perles de culture 3 mm <\/strong><\/p>\n","protected":false},"excerpt":{"rendered":"<p>Boucles d&#8217;oreilles pendantes et perles de culture naturelles. Monture cr\u00e9ole dormeuse en plaqu\u00e9 or , cha\u00eenette en or lamin\u00e9 5 microns maille altern\u00e9e orn\u00e9e de 2 mini perles de culture 3 mm<\/p>\n","protected":false},"featured_media":12002,"comment_status":"open","ping_status":"closed","template":"","meta":[],"product_brand":[],"product_cat":[116,9],"product_tag":[537,174,428,251,496],"class_list":{"0":"post-12003","1":"product","2":"type-product","3":"status-publish","4":"has-post-thumbnail","6":"product_cat-nouveautes","7":"product_cat-boucles-oreilles","8":"product_tag-boucles-dorees","9":"product_tag-creole","10":"product_tag-dore","11":"product_tag-perle-de-culture","12":"product_tag-perles-naturelles","14":"first","15":"instock","16":"shipping-taxable","17":"purchasable","18":"product-type-simple"},"_links":{"self":[{"href":"https:\/\/www.sylviebiollu.com\/site\/wp-json\/wp\/v2\/product\/12003","targetHints":{"allow":["GET"]}}],"collection":[{"href":"https:\/\/www.sylviebiollu.com\/site\/wp-json\/wp\/v2\/product"}],"about":[{"href":"https:\/\/www.sylviebiollu.com\/site\/wp-json\/wp\/v2\/types\/product"}],"replies":[{"embeddable":true,"href":"https:\/\/www.sylviebiollu.com\/site\/wp-json\/wp\/v2\/comments?post=12003"}],"version-history":[{"count":0,"href":"https:\/\/www.sylviebiollu.com\/site\/wp-json\/wp\/v2\/product\/12003\/revisions"}],"wp:featuredmedia":[{"embeddable":true,"href":"https:\/\/www.sylviebiollu.com\/site\/wp-json\/wp\/v2\/media\/12002"}],"wp:attachment":[{"href":"https:\/\/www.sylviebiollu.com\/site\/wp-json\/wp\/v2\/media?parent=12003"}],"wp:term":[{"taxonomy":"product_brand","embeddable":true,"href":"https:\/\/www.sylviebiollu.com\/site\/wp-json\/wp\/v2\/product_brand?post=12003"},{"taxonomy":"product_cat","embeddable":true,"href":"https:\/\/www.sylviebiollu.com\/site\/wp-json\/wp\/v2\/product_cat?post=12003"},{"taxonomy":"product_tag","embeddable":true,"href":"https:\/\/www.sylviebiollu.com\/site\/wp-json\/wp\/v2\/product_tag?post=12003"}],"curies":[{"name":"wp","href":"https:\/\/api.w.org\/{rel}","templated":true}]}}