{"id":11960,"date":"2025-12-03T17:03:45","date_gmt":"2025-12-03T16:03:45","guid":{"rendered":"https:\/\/www.sylviebiollu.com\/site\/bracelet-laurence\/"},"modified":"2025-12-03T17:03:50","modified_gmt":"2025-12-03T16:03:50","slug":"bracelet-laurence","status":"publish","type":"product","link":"https:\/\/www.sylviebiollu.com\/site\/bracelet-laurence\/","title":{"rendered":"Bracelet Laurence"},"content":{"rendered":"<p><strong>Bracelet en nacre de Tahiti et nacre blanche en plaqu\u00e9 or, r\u00e9glable, orn\u00e9 de petites fleurs \u00e9toil\u00e9es en nacre de Tahiti et de tr\u00e8fles en nacre blanche. \ufffc<\/strong><\/p>\n","protected":false},"excerpt":{"rendered":"<p>Bracelet en nacre de Tahiti et nacre blanche en plaqu\u00e9 or, r\u00e9glable, orn\u00e9 de petites fleurs \u00e9toil\u00e9es en nacre de Tahiti et de tr\u00e8fles en nacre blanche. \ufffc<\/p>\n","protected":false},"featured_media":11959,"comment_status":"open","ping_status":"closed","template":"","meta":[],"product_brand":[],"product_cat":[116,10],"product_tag":[480,530,511,454,128,572],"class_list":{"0":"post-11960","1":"product","2":"type-product","3":"status-publish","4":"has-post-thumbnail","6":"product_cat-nouveautes","7":"product_cat-bracelets","8":"product_tag-bracelet","9":"product_tag-matiere-naturelle","10":"product_tag-nacre-blanche","11":"product_tag-nacre-de-tahiti","12":"product_tag-plaque-or","13":"product_tag-reglable","15":"first","16":"instock","17":"shipping-taxable","18":"purchasable","19":"product-type-simple"},"_links":{"self":[{"href":"https:\/\/www.sylviebiollu.com\/site\/wp-json\/wp\/v2\/product\/11960","targetHints":{"allow":["GET"]}}],"collection":[{"href":"https:\/\/www.sylviebiollu.com\/site\/wp-json\/wp\/v2\/product"}],"about":[{"href":"https:\/\/www.sylviebiollu.com\/site\/wp-json\/wp\/v2\/types\/product"}],"replies":[{"embeddable":true,"href":"https:\/\/www.sylviebiollu.com\/site\/wp-json\/wp\/v2\/comments?post=11960"}],"version-history":[{"count":0,"href":"https:\/\/www.sylviebiollu.com\/site\/wp-json\/wp\/v2\/product\/11960\/revisions"}],"wp:featuredmedia":[{"embeddable":true,"href":"https:\/\/www.sylviebiollu.com\/site\/wp-json\/wp\/v2\/media\/11959"}],"wp:attachment":[{"href":"https:\/\/www.sylviebiollu.com\/site\/wp-json\/wp\/v2\/media?parent=11960"}],"wp:term":[{"taxonomy":"product_brand","embeddable":true,"href":"https:\/\/www.sylviebiollu.com\/site\/wp-json\/wp\/v2\/product_brand?post=11960"},{"taxonomy":"product_cat","embeddable":true,"href":"https:\/\/www.sylviebiollu.com\/site\/wp-json\/wp\/v2\/product_cat?post=11960"},{"taxonomy":"product_tag","embeddable":true,"href":"https:\/\/www.sylviebiollu.com\/site\/wp-json\/wp\/v2\/product_tag?post=11960"}],"curies":[{"name":"wp","href":"https:\/\/api.w.org\/{rel}","templated":true}]}}