{"id":11949,"date":"2025-12-03T16:53:48","date_gmt":"2025-12-03T15:53:48","guid":{"rendered":"https:\/\/www.sylviebiollu.com\/site\/produit-2\/"},"modified":"2025-12-03T20:52:53","modified_gmt":"2025-12-03T19:52:53","slug":"produit-2","status":"publish","type":"product","link":"https:\/\/www.sylviebiollu.com\/site\/produit-2\/","title":{"rendered":"Boucles d\u2019oreilles Puces d\u2019oreilles Lilly"},"content":{"rendered":"<p><strong>Puces d&#8217;oreilles en Gold filled\/ or lamin\u00e9 5 microns ou argent \u00e0 pr\u00e9ciser lors de la commande, motif fleur Lilly 1cm <\/strong><\/p>\n","protected":false},"excerpt":{"rendered":"<p>Puces d&#8217;oreilles en Gold filled\/ or lamin\u00e9 5 microns ou argent \u00e0 pr\u00e9ciser lors de la commande, motif fleur Lilly 1cm<\/p>\n","protected":false},"featured_media":11970,"comment_status":"open","ping_status":"closed","template":"","meta":[],"product_brand":[],"product_cat":[116,9,406],"product_tag":[125,596,559,511,497],"class_list":{"0":"post-11949","1":"product","2":"type-product","3":"status-publish","4":"has-post-thumbnail","6":"product_cat-nouveautes","7":"product_cat-boucles-oreilles","8":"product_cat-bijoux-doreilles","9":"product_tag-argent","10":"product_tag-fleur-lilly-gold-filled","11":"product_tag-motif-fleur","12":"product_tag-nacre-blanche","13":"product_tag-puces-doreilles","15":"first","16":"instock","17":"shipping-taxable","18":"purchasable","19":"product-type-simple"},"_links":{"self":[{"href":"https:\/\/www.sylviebiollu.com\/site\/wp-json\/wp\/v2\/product\/11949","targetHints":{"allow":["GET"]}}],"collection":[{"href":"https:\/\/www.sylviebiollu.com\/site\/wp-json\/wp\/v2\/product"}],"about":[{"href":"https:\/\/www.sylviebiollu.com\/site\/wp-json\/wp\/v2\/types\/product"}],"replies":[{"embeddable":true,"href":"https:\/\/www.sylviebiollu.com\/site\/wp-json\/wp\/v2\/comments?post=11949"}],"version-history":[{"count":1,"href":"https:\/\/www.sylviebiollu.com\/site\/wp-json\/wp\/v2\/product\/11949\/revisions"}],"predecessor-version":[{"id":11971,"href":"https:\/\/www.sylviebiollu.com\/site\/wp-json\/wp\/v2\/product\/11949\/revisions\/11971"}],"wp:featuredmedia":[{"embeddable":true,"href":"https:\/\/www.sylviebiollu.com\/site\/wp-json\/wp\/v2\/media\/11970"}],"wp:attachment":[{"href":"https:\/\/www.sylviebiollu.com\/site\/wp-json\/wp\/v2\/media?parent=11949"}],"wp:term":[{"taxonomy":"product_brand","embeddable":true,"href":"https:\/\/www.sylviebiollu.com\/site\/wp-json\/wp\/v2\/product_brand?post=11949"},{"taxonomy":"product_cat","embeddable":true,"href":"https:\/\/www.sylviebiollu.com\/site\/wp-json\/wp\/v2\/product_cat?post=11949"},{"taxonomy":"product_tag","embeddable":true,"href":"https:\/\/www.sylviebiollu.com\/site\/wp-json\/wp\/v2\/product_tag?post=11949"}],"curies":[{"name":"wp","href":"https:\/\/api.w.org\/{rel}","templated":true}]}}