{"id":11940,"date":"2025-12-03T16:35:10","date_gmt":"2025-12-03T15:35:10","guid":{"rendered":"https:\/\/www.sylviebiollu.com\/site\/collier-my-daisy-flower\/"},"modified":"2025-12-03T16:35:15","modified_gmt":"2025-12-03T15:35:15","slug":"collier-my-daisy-flower","status":"publish","type":"product","link":"https:\/\/www.sylviebiollu.com\/site\/collier-my-daisy-flower\/","title":{"rendered":"Collier my Daisy Flower"},"content":{"rendered":"<p><strong>Cha\u00eene en plaqu\u00e9 or, et pendentif Marguerite en nacre de Tahiti, orn\u00e9 d&#8217;une perle de culture r\u00e9glable 40\/43 cm<\/strong><\/p>\n<p><strong>\ufffc<\/strong><\/p>\n","protected":false},"excerpt":{"rendered":"<p>Cha\u00eene en plaqu\u00e9 or, et pendentif Marguerite en nacre de Tahiti, orn\u00e9 d&#8217;une perle de culture r\u00e9glable 40\/43 cm \ufffc<\/p>\n","protected":false},"featured_media":11936,"comment_status":"open","ping_status":"closed","template":"","meta":[],"product_brand":[],"product_cat":[116,6],"product_tag":[547,167,594,595,454,251,128],"class_list":{"0":"post-11940","1":"product","2":"type-product","3":"status-publish","4":"has-post-thumbnail","6":"product_cat-nouveautes","7":"product_cat-colliers","8":"product_tag-chaine-reglable","9":"product_tag-collier","10":"product_tag-marguerite","11":"product_tag-motifs-fleurs","12":"product_tag-nacre-de-tahiti","13":"product_tag-perle-de-culture","14":"product_tag-plaque-or","16":"first","17":"instock","18":"shipping-taxable","19":"purchasable","20":"product-type-simple"},"_links":{"self":[{"href":"https:\/\/www.sylviebiollu.com\/site\/wp-json\/wp\/v2\/product\/11940","targetHints":{"allow":["GET"]}}],"collection":[{"href":"https:\/\/www.sylviebiollu.com\/site\/wp-json\/wp\/v2\/product"}],"about":[{"href":"https:\/\/www.sylviebiollu.com\/site\/wp-json\/wp\/v2\/types\/product"}],"replies":[{"embeddable":true,"href":"https:\/\/www.sylviebiollu.com\/site\/wp-json\/wp\/v2\/comments?post=11940"}],"version-history":[{"count":0,"href":"https:\/\/www.sylviebiollu.com\/site\/wp-json\/wp\/v2\/product\/11940\/revisions"}],"wp:featuredmedia":[{"embeddable":true,"href":"https:\/\/www.sylviebiollu.com\/site\/wp-json\/wp\/v2\/media\/11936"}],"wp:attachment":[{"href":"https:\/\/www.sylviebiollu.com\/site\/wp-json\/wp\/v2\/media?parent=11940"}],"wp:term":[{"taxonomy":"product_brand","embeddable":true,"href":"https:\/\/www.sylviebiollu.com\/site\/wp-json\/wp\/v2\/product_brand?post=11940"},{"taxonomy":"product_cat","embeddable":true,"href":"https:\/\/www.sylviebiollu.com\/site\/wp-json\/wp\/v2\/product_cat?post=11940"},{"taxonomy":"product_tag","embeddable":true,"href":"https:\/\/www.sylviebiollu.com\/site\/wp-json\/wp\/v2\/product_tag?post=11940"}],"curies":[{"name":"wp","href":"https:\/\/api.w.org\/{rel}","templated":true}]}}