{"id":11934,"date":"2025-12-03T16:26:30","date_gmt":"2025-12-03T15:26:30","guid":{"rendered":"https:\/\/www.sylviebiollu.com\/site\/sautoir-alex\/"},"modified":"2025-12-03T16:26:35","modified_gmt":"2025-12-03T15:26:35","slug":"sautoir-alex","status":"publish","type":"product","link":"https:\/\/www.sylviebiollu.com\/site\/sautoir-alex\/","title":{"rendered":"Sautoir Alex"},"content":{"rendered":"<p><strong>Mini sautoir en plaqu\u00e9 or, cha\u00eene for\u00e7at, longueur 55 cm, orn\u00e9 d&#8217;un pendentif, habill\u00e9 d&#8217;un anneau textur\u00e9 d&#8217;une mini perle de culture et d&#8217;un tr\u00e8fle \u00e0 quatre feuilles orn\u00e9 de zirconiums <\/strong><\/p>\n","protected":false},"excerpt":{"rendered":"<p>Mini sautoir en plaqu\u00e9 or, cha\u00eene for\u00e7at, longueur 55 cm, orn\u00e9 d&#8217;un pendentif, habill\u00e9 d&#8217;un anneau textur\u00e9 d&#8217;une mini perle de culture et d&#8217;un tr\u00e8fle \u00e0 quatre feuilles orn\u00e9 de zirconiums<\/p>\n","protected":false},"featured_media":11931,"comment_status":"open","ping_status":"closed","template":"","meta":[],"product_brand":[],"product_cat":[116,8],"product_tag":[491,251,434,438,180],"class_list":{"0":"post-11934","1":"product","2":"type-product","3":"status-publish","4":"has-post-thumbnail","6":"product_cat-nouveautes","7":"product_cat-sautoirs","8":"product_tag-motif-porte-bonheur","9":"product_tag-perle-de-culture","10":"product_tag-sautoir","11":"product_tag-trefle","12":"product_tag-zirconium","14":"first","15":"instock","16":"shipping-taxable","17":"purchasable","18":"product-type-simple"},"_links":{"self":[{"href":"https:\/\/www.sylviebiollu.com\/site\/wp-json\/wp\/v2\/product\/11934","targetHints":{"allow":["GET"]}}],"collection":[{"href":"https:\/\/www.sylviebiollu.com\/site\/wp-json\/wp\/v2\/product"}],"about":[{"href":"https:\/\/www.sylviebiollu.com\/site\/wp-json\/wp\/v2\/types\/product"}],"replies":[{"embeddable":true,"href":"https:\/\/www.sylviebiollu.com\/site\/wp-json\/wp\/v2\/comments?post=11934"}],"version-history":[{"count":0,"href":"https:\/\/www.sylviebiollu.com\/site\/wp-json\/wp\/v2\/product\/11934\/revisions"}],"wp:featuredmedia":[{"embeddable":true,"href":"https:\/\/www.sylviebiollu.com\/site\/wp-json\/wp\/v2\/media\/11931"}],"wp:attachment":[{"href":"https:\/\/www.sylviebiollu.com\/site\/wp-json\/wp\/v2\/media?parent=11934"}],"wp:term":[{"taxonomy":"product_brand","embeddable":true,"href":"https:\/\/www.sylviebiollu.com\/site\/wp-json\/wp\/v2\/product_brand?post=11934"},{"taxonomy":"product_cat","embeddable":true,"href":"https:\/\/www.sylviebiollu.com\/site\/wp-json\/wp\/v2\/product_cat?post=11934"},{"taxonomy":"product_tag","embeddable":true,"href":"https:\/\/www.sylviebiollu.com\/site\/wp-json\/wp\/v2\/product_tag?post=11934"}],"curies":[{"name":"wp","href":"https:\/\/api.w.org\/{rel}","templated":true}]}}