{"id":11913,"date":"2025-12-03T15:28:53","date_gmt":"2025-12-03T14:28:53","guid":{"rendered":"https:\/\/www.sylviebiollu.com\/site\/sautoir-laurence-2\/"},"modified":"2026-02-05T22:29:21","modified_gmt":"2026-02-05T21:29:21","slug":"sautoir-laurence-2","status":"publish","type":"product","link":"https:\/\/www.sylviebiollu.com\/site\/sautoir-laurence-2\/","title":{"rendered":"Sautoir Laur\u00e8na"},"content":{"rendered":"<p><strong>Sautoir en argent  cha\u00eene corde 60 cm et pendentif en cristal de roche \u00e0 facettes 2,5 mm et feuille en rhodium textur\u00e9e, longueur pendentif 8 cm  <\/strong><\/p>\n","protected":false},"excerpt":{"rendered":"<p>Sautoir en argent cha\u00eene corde 60 cm et pendentif en cristal de roche \u00e0 facettes 2,5 mm et feuille en rhodium textur\u00e9e, longueur pendentif 8 cm<\/p>\n","protected":false},"featured_media":11910,"comment_status":"open","ping_status":"closed","template":"","meta":[],"product_brand":[],"product_cat":[116,8],"product_tag":[125,187,523,591],"class_list":{"0":"post-11913","1":"product","2":"type-product","3":"status-publish","4":"has-post-thumbnail","6":"product_cat-nouveautes","7":"product_cat-sautoirs","8":"product_tag-argent","9":"product_tag-cristal-de-roche","10":"product_tag-motif-feuille","11":"product_tag-sautoir-argent","13":"first","14":"outofstock","15":"shipping-taxable","16":"purchasable","17":"product-type-simple"},"_links":{"self":[{"href":"https:\/\/www.sylviebiollu.com\/site\/wp-json\/wp\/v2\/product\/11913","targetHints":{"allow":["GET"]}}],"collection":[{"href":"https:\/\/www.sylviebiollu.com\/site\/wp-json\/wp\/v2\/product"}],"about":[{"href":"https:\/\/www.sylviebiollu.com\/site\/wp-json\/wp\/v2\/types\/product"}],"replies":[{"embeddable":true,"href":"https:\/\/www.sylviebiollu.com\/site\/wp-json\/wp\/v2\/comments?post=11913"}],"version-history":[{"count":1,"href":"https:\/\/www.sylviebiollu.com\/site\/wp-json\/wp\/v2\/product\/11913\/revisions"}],"predecessor-version":[{"id":11915,"href":"https:\/\/www.sylviebiollu.com\/site\/wp-json\/wp\/v2\/product\/11913\/revisions\/11915"}],"wp:featuredmedia":[{"embeddable":true,"href":"https:\/\/www.sylviebiollu.com\/site\/wp-json\/wp\/v2\/media\/11910"}],"wp:attachment":[{"href":"https:\/\/www.sylviebiollu.com\/site\/wp-json\/wp\/v2\/media?parent=11913"}],"wp:term":[{"taxonomy":"product_brand","embeddable":true,"href":"https:\/\/www.sylviebiollu.com\/site\/wp-json\/wp\/v2\/product_brand?post=11913"},{"taxonomy":"product_cat","embeddable":true,"href":"https:\/\/www.sylviebiollu.com\/site\/wp-json\/wp\/v2\/product_cat?post=11913"},{"taxonomy":"product_tag","embeddable":true,"href":"https:\/\/www.sylviebiollu.com\/site\/wp-json\/wp\/v2\/product_tag?post=11913"}],"curies":[{"name":"wp","href":"https:\/\/api.w.org\/{rel}","templated":true}]}}