{"id":11908,"date":"2025-12-03T15:21:05","date_gmt":"2025-12-03T14:21:05","guid":{"rendered":"https:\/\/www.sylviebiollu.com\/site\/bracelet-elastique-perles-en-argent-3-mm-et-medaille-nacre-au-choix-trefle-ou-medaille\/"},"modified":"2026-03-05T07:59:38","modified_gmt":"2026-03-05T06:59:38","slug":"bracelet-elastique-perles-en-argent-3-mm-et-medaille-nacre-au-choix-trefle-ou-medaille","status":"publish","type":"product","link":"https:\/\/www.sylviebiollu.com\/site\/bracelet-elastique-perles-en-argent-3-mm-et-medaille-nacre-au-choix-trefle-ou-medaille\/","title":{"rendered":"Bracelet \u00e9lastique perles en argent 3 mm et m\u00e9daille nacre au choix , tr\u00e8fle ou m\u00e9daille"},"content":{"rendered":"<p><strong>Bracelet \u00e9lastique en argent 3 mm , orn\u00e9 d&#8217;une pi\u00e9cette en nacelle ou tr\u00e8fle au choix <\/strong><\/p>\n","protected":false},"excerpt":{"rendered":"<p>Bracelet \u00e9lastique en argent 3 mm , orn\u00e9 d&#8217;une pi\u00e9cette en nacelle ou tr\u00e8fle au choix<\/p>\n","protected":false},"featured_media":11904,"comment_status":"open","ping_status":"closed","template":"","meta":[],"product_brand":[],"product_cat":[116,10],"product_tag":[125,480,590,511],"class_list":{"0":"post-11908","1":"product","2":"type-product","3":"status-publish","4":"has-post-thumbnail","6":"product_cat-nouveautes","7":"product_cat-bracelets","8":"product_tag-argent","9":"product_tag-bracelet","10":"product_tag-bracelet-elastique","11":"product_tag-nacre-blanche","13":"first","14":"instock","15":"shipping-taxable","16":"purchasable","17":"product-type-simple"},"_links":{"self":[{"href":"https:\/\/www.sylviebiollu.com\/site\/wp-json\/wp\/v2\/product\/11908","targetHints":{"allow":["GET"]}}],"collection":[{"href":"https:\/\/www.sylviebiollu.com\/site\/wp-json\/wp\/v2\/product"}],"about":[{"href":"https:\/\/www.sylviebiollu.com\/site\/wp-json\/wp\/v2\/types\/product"}],"replies":[{"embeddable":true,"href":"https:\/\/www.sylviebiollu.com\/site\/wp-json\/wp\/v2\/comments?post=11908"}],"version-history":[{"count":1,"href":"https:\/\/www.sylviebiollu.com\/site\/wp-json\/wp\/v2\/product\/11908\/revisions"}],"predecessor-version":[{"id":12022,"href":"https:\/\/www.sylviebiollu.com\/site\/wp-json\/wp\/v2\/product\/11908\/revisions\/12022"}],"wp:featuredmedia":[{"embeddable":true,"href":"https:\/\/www.sylviebiollu.com\/site\/wp-json\/wp\/v2\/media\/11904"}],"wp:attachment":[{"href":"https:\/\/www.sylviebiollu.com\/site\/wp-json\/wp\/v2\/media?parent=11908"}],"wp:term":[{"taxonomy":"product_brand","embeddable":true,"href":"https:\/\/www.sylviebiollu.com\/site\/wp-json\/wp\/v2\/product_brand?post=11908"},{"taxonomy":"product_cat","embeddable":true,"href":"https:\/\/www.sylviebiollu.com\/site\/wp-json\/wp\/v2\/product_cat?post=11908"},{"taxonomy":"product_tag","embeddable":true,"href":"https:\/\/www.sylviebiollu.com\/site\/wp-json\/wp\/v2\/product_tag?post=11908"}],"curies":[{"name":"wp","href":"https:\/\/api.w.org\/{rel}","templated":true}]}}