{"id":11897,"date":"2025-12-03T14:53:40","date_gmt":"2025-12-03T13:53:40","guid":{"rendered":"https:\/\/www.sylviebiollu.com\/site\/bracelet-marina\/"},"modified":"2025-12-03T14:53:45","modified_gmt":"2025-12-03T13:53:45","slug":"bracelet-marina","status":"publish","type":"product","link":"https:\/\/www.sylviebiollu.com\/site\/bracelet-marina\/","title":{"rendered":"Bracelet Marina"},"content":{"rendered":"<p><strong>Ce bracelet r\u00e9glable en macram\u00e9 bleu marine est orn\u00e9 d\u2019une nacre tr\u00e8fle fleur de couleur blanche , d\u2019une perle centrale en or lamine 5 microns et d\u2019une perle en lapis-lazuli.<\/strong><\/p>\n","protected":false},"excerpt":{"rendered":"<p>Ce bracelet r\u00e9glable en macram\u00e9 bleu marine est orn\u00e9 d\u2019une nacre tr\u00e8fle fleur de couleur blanche , d\u2019une perle centrale en or lamine 5 microns et d\u2019une perle en lapis-lazuli.<\/p>\n","protected":false},"featured_media":11894,"comment_status":"open","ping_status":"closed","template":"","meta":[],"product_brand":[],"product_cat":[116,10],"product_tag":[588,557,505,446,589,490,511],"class_list":{"0":"post-11897","1":"product","2":"type-product","3":"status-publish","4":"has-post-thumbnail","6":"product_cat-nouveautes","7":"product_cat-bracelets","8":"product_tag-4-feuilles","9":"product_tag-5-microns","10":"product_tag-bracelet-macrame","11":"product_tag-gold-filled","12":"product_tag-lapis-lazuli-2","13":"product_tag-motif-trefle","14":"product_tag-nacre-blanche","16":"first","17":"instock","18":"shipping-taxable","19":"purchasable","20":"product-type-simple"},"_links":{"self":[{"href":"https:\/\/www.sylviebiollu.com\/site\/wp-json\/wp\/v2\/product\/11897","targetHints":{"allow":["GET"]}}],"collection":[{"href":"https:\/\/www.sylviebiollu.com\/site\/wp-json\/wp\/v2\/product"}],"about":[{"href":"https:\/\/www.sylviebiollu.com\/site\/wp-json\/wp\/v2\/types\/product"}],"replies":[{"embeddable":true,"href":"https:\/\/www.sylviebiollu.com\/site\/wp-json\/wp\/v2\/comments?post=11897"}],"version-history":[{"count":0,"href":"https:\/\/www.sylviebiollu.com\/site\/wp-json\/wp\/v2\/product\/11897\/revisions"}],"wp:featuredmedia":[{"embeddable":true,"href":"https:\/\/www.sylviebiollu.com\/site\/wp-json\/wp\/v2\/media\/11894"}],"wp:attachment":[{"href":"https:\/\/www.sylviebiollu.com\/site\/wp-json\/wp\/v2\/media?parent=11897"}],"wp:term":[{"taxonomy":"product_brand","embeddable":true,"href":"https:\/\/www.sylviebiollu.com\/site\/wp-json\/wp\/v2\/product_brand?post=11897"},{"taxonomy":"product_cat","embeddable":true,"href":"https:\/\/www.sylviebiollu.com\/site\/wp-json\/wp\/v2\/product_cat?post=11897"},{"taxonomy":"product_tag","embeddable":true,"href":"https:\/\/www.sylviebiollu.com\/site\/wp-json\/wp\/v2\/product_tag?post=11897"}],"curies":[{"name":"wp","href":"https:\/\/api.w.org\/{rel}","templated":true}]}}