{"id":11876,"date":"2025-12-03T14:14:25","date_gmt":"2025-12-03T13:14:25","guid":{"rendered":"https:\/\/www.sylviebiollu.com\/site\/bracelet-plaque-or-double-chance\/"},"modified":"2026-03-05T08:00:17","modified_gmt":"2026-03-05T07:00:17","slug":"bracelet-plaque-or-double-chance","status":"publish","type":"product","link":"https:\/\/www.sylviebiollu.com\/site\/bracelet-plaque-or-double-chance\/","title":{"rendered":"Bracelet plaqu\u00e9 or Double chance"},"content":{"rendered":"<p><strong>Bracelet en plaqu\u00e9 or r\u00e9glable 18\/20cm , avec motif central double tr\u00e8fle fleur nacre blanche, 2 cm <\/strong><\/p>\n","protected":false},"excerpt":{"rendered":"<p>Bracelet en plaqu\u00e9 or r\u00e9glable 18\/20cm , avec motif central double tr\u00e8fle fleur nacre blanche, 2 cm<\/p>\n","protected":false},"featured_media":11874,"comment_status":"open","ping_status":"closed","template":"","meta":[],"product_brand":[],"product_cat":[116,10],"product_tag":[480,499,483,490,511,128,585],"class_list":{"0":"post-11876","1":"product","2":"type-product","3":"status-publish","4":"has-post-thumbnail","6":"product_cat-nouveautes","7":"product_cat-bracelets","8":"product_tag-bracelet","9":"product_tag-bracelet-matiere-naturelle","10":"product_tag-bracelet-reglable","11":"product_tag-motif-trefle","12":"product_tag-nacre-blanche","13":"product_tag-plaque-or","14":"product_tag-trefle-fleur","16":"first","17":"instock","18":"shipping-taxable","19":"purchasable","20":"product-type-simple"},"_links":{"self":[{"href":"https:\/\/www.sylviebiollu.com\/site\/wp-json\/wp\/v2\/product\/11876","targetHints":{"allow":["GET"]}}],"collection":[{"href":"https:\/\/www.sylviebiollu.com\/site\/wp-json\/wp\/v2\/product"}],"about":[{"href":"https:\/\/www.sylviebiollu.com\/site\/wp-json\/wp\/v2\/types\/product"}],"replies":[{"embeddable":true,"href":"https:\/\/www.sylviebiollu.com\/site\/wp-json\/wp\/v2\/comments?post=11876"}],"version-history":[{"count":0,"href":"https:\/\/www.sylviebiollu.com\/site\/wp-json\/wp\/v2\/product\/11876\/revisions"}],"wp:featuredmedia":[{"embeddable":true,"href":"https:\/\/www.sylviebiollu.com\/site\/wp-json\/wp\/v2\/media\/11874"}],"wp:attachment":[{"href":"https:\/\/www.sylviebiollu.com\/site\/wp-json\/wp\/v2\/media?parent=11876"}],"wp:term":[{"taxonomy":"product_brand","embeddable":true,"href":"https:\/\/www.sylviebiollu.com\/site\/wp-json\/wp\/v2\/product_brand?post=11876"},{"taxonomy":"product_cat","embeddable":true,"href":"https:\/\/www.sylviebiollu.com\/site\/wp-json\/wp\/v2\/product_cat?post=11876"},{"taxonomy":"product_tag","embeddable":true,"href":"https:\/\/www.sylviebiollu.com\/site\/wp-json\/wp\/v2\/product_tag?post=11876"}],"curies":[{"name":"wp","href":"https:\/\/api.w.org\/{rel}","templated":true}]}}