{"id":11864,"date":"2025-12-03T12:50:07","date_gmt":"2025-12-03T11:50:07","guid":{"rendered":"https:\/\/www.sylviebiollu.com\/site\/collier-la-vie-en-rose-plaque-or\/"},"modified":"2025-12-03T12:50:11","modified_gmt":"2025-12-03T11:50:11","slug":"collier-la-vie-en-rose-plaque-or","status":"publish","type":"product","link":"https:\/\/www.sylviebiollu.com\/site\/collier-la-vie-en-rose-plaque-or\/","title":{"rendered":"Collier la vie en rose plaqu\u00e9 or"},"content":{"rendered":"<p><strong>Collier en plaqu\u00e9 or, cha\u00eene maille volute r\u00e9glable 40\/45cm  , et pendentif en nacre de Tahiti, motif plume et perles de culture roses  \ufffc, longueur pendentif 55 mm<\/strong><\/p>\n","protected":false},"excerpt":{"rendered":"<p>Collier en plaqu\u00e9 or, cha\u00eene maille volute r\u00e9glable 40\/45cm , et pendentif en nacre de Tahiti, motif plume et perles de culture roses \ufffc, longueur pendentif 55 mm<\/p>\n","protected":false},"featured_media":11860,"comment_status":"open","ping_status":"closed","template":"","meta":[],"product_brand":[],"product_cat":[116],"product_tag":[582,513,454,251,583,128],"class_list":{"0":"post-11864","1":"product","2":"type-product","3":"status-publish","4":"has-post-thumbnail","6":"product_cat-nouveautes","7":"product_tag-maille-volute","8":"product_tag-motif-nature","9":"product_tag-nacre-de-tahiti","10":"product_tag-perle-de-culture","11":"product_tag-perle-rose","12":"product_tag-plaque-or","14":"first","15":"instock","16":"shipping-taxable","17":"purchasable","18":"product-type-simple"},"_links":{"self":[{"href":"https:\/\/www.sylviebiollu.com\/site\/wp-json\/wp\/v2\/product\/11864","targetHints":{"allow":["GET"]}}],"collection":[{"href":"https:\/\/www.sylviebiollu.com\/site\/wp-json\/wp\/v2\/product"}],"about":[{"href":"https:\/\/www.sylviebiollu.com\/site\/wp-json\/wp\/v2\/types\/product"}],"replies":[{"embeddable":true,"href":"https:\/\/www.sylviebiollu.com\/site\/wp-json\/wp\/v2\/comments?post=11864"}],"version-history":[{"count":0,"href":"https:\/\/www.sylviebiollu.com\/site\/wp-json\/wp\/v2\/product\/11864\/revisions"}],"wp:featuredmedia":[{"embeddable":true,"href":"https:\/\/www.sylviebiollu.com\/site\/wp-json\/wp\/v2\/media\/11860"}],"wp:attachment":[{"href":"https:\/\/www.sylviebiollu.com\/site\/wp-json\/wp\/v2\/media?parent=11864"}],"wp:term":[{"taxonomy":"product_brand","embeddable":true,"href":"https:\/\/www.sylviebiollu.com\/site\/wp-json\/wp\/v2\/product_brand?post=11864"},{"taxonomy":"product_cat","embeddable":true,"href":"https:\/\/www.sylviebiollu.com\/site\/wp-json\/wp\/v2\/product_cat?post=11864"},{"taxonomy":"product_tag","embeddable":true,"href":"https:\/\/www.sylviebiollu.com\/site\/wp-json\/wp\/v2\/product_tag?post=11864"}],"curies":[{"name":"wp","href":"https:\/\/api.w.org\/{rel}","templated":true}]}}