{"id":11858,"date":"2025-12-03T12:41:44","date_gmt":"2025-12-03T11:41:44","guid":{"rendered":"https:\/\/www.sylviebiollu.com\/site\/fils-doreilles-rosee-du-matin\/"},"modified":"2025-12-03T12:41:49","modified_gmt":"2025-12-03T11:41:49","slug":"fils-doreilles-rosee-du-matin","status":"publish","type":"product","link":"https:\/\/www.sylviebiollu.com\/site\/fils-doreilles-rosee-du-matin\/","title":{"rendered":"Fils d\u2019oreilles ros\u00e9e du matin"},"content":{"rendered":"<p><strong>Fils d&#8217;oreille en argent et forme g\u00e9om\u00e9trique goutte martel\u00e9e d\u00e9form\u00e9e 2 cm  et tr\u00e8fle fleur 1 cm en nacre blanche suspendue longueur 4 cm<\/strong><\/p>\n","protected":false},"excerpt":{"rendered":"<p>Fils d&#8217;oreille en argent et forme g\u00e9om\u00e9trique goutte martel\u00e9e d\u00e9form\u00e9e 2 cm et tr\u00e8fle fleur 1 cm en nacre blanche suspendue longueur 4 cm<\/p>\n","protected":false},"featured_media":11856,"comment_status":"open","ping_status":"closed","template":"","meta":[],"product_brand":[],"product_cat":[116,246],"product_tag":[125,559,581,511],"class_list":{"0":"post-11858","1":"product","2":"type-product","3":"status-publish","4":"has-post-thumbnail","6":"product_cat-nouveautes","7":"product_cat-fils-oreilles","8":"product_tag-argent","9":"product_tag-motif-fleur","10":"product_tag-motif-martele","11":"product_tag-nacre-blanche","13":"first","14":"instock","15":"shipping-taxable","16":"purchasable","17":"product-type-simple"},"_links":{"self":[{"href":"https:\/\/www.sylviebiollu.com\/site\/wp-json\/wp\/v2\/product\/11858","targetHints":{"allow":["GET"]}}],"collection":[{"href":"https:\/\/www.sylviebiollu.com\/site\/wp-json\/wp\/v2\/product"}],"about":[{"href":"https:\/\/www.sylviebiollu.com\/site\/wp-json\/wp\/v2\/types\/product"}],"replies":[{"embeddable":true,"href":"https:\/\/www.sylviebiollu.com\/site\/wp-json\/wp\/v2\/comments?post=11858"}],"version-history":[{"count":0,"href":"https:\/\/www.sylviebiollu.com\/site\/wp-json\/wp\/v2\/product\/11858\/revisions"}],"wp:featuredmedia":[{"embeddable":true,"href":"https:\/\/www.sylviebiollu.com\/site\/wp-json\/wp\/v2\/media\/11856"}],"wp:attachment":[{"href":"https:\/\/www.sylviebiollu.com\/site\/wp-json\/wp\/v2\/media?parent=11858"}],"wp:term":[{"taxonomy":"product_brand","embeddable":true,"href":"https:\/\/www.sylviebiollu.com\/site\/wp-json\/wp\/v2\/product_brand?post=11858"},{"taxonomy":"product_cat","embeddable":true,"href":"https:\/\/www.sylviebiollu.com\/site\/wp-json\/wp\/v2\/product_cat?post=11858"},{"taxonomy":"product_tag","embeddable":true,"href":"https:\/\/www.sylviebiollu.com\/site\/wp-json\/wp\/v2\/product_tag?post=11858"}],"curies":[{"name":"wp","href":"https:\/\/api.w.org\/{rel}","templated":true}]}}