{"id":11852,"date":"2025-12-03T12:30:38","date_gmt":"2025-12-03T11:30:38","guid":{"rendered":"https:\/\/www.sylviebiollu.com\/site\/fils-doreilles-la-vie-en-rose\/"},"modified":"2025-12-03T12:30:42","modified_gmt":"2025-12-03T11:30:42","slug":"fils-doreilles-la-vie-en-rose","status":"publish","type":"product","link":"https:\/\/www.sylviebiollu.com\/site\/fils-doreilles-la-vie-en-rose\/","title":{"rendered":"Fils d\u2019oreilles la vie en rose"},"content":{"rendered":"<p><strong>Fils d&#8217;oreille en argent courts,  cercle en argent Martel\u00e9 1 cm orn\u00e9 d&#8217;une Petite fleur \u00e9toil\u00e9e en nacre rose  de Californie et mini perle rose de culture suspendue. \ufffc<\/strong><\/p>\n","protected":false},"excerpt":{"rendered":"<p>Fils d&#8217;oreille en argent courts, cercle en argent Martel\u00e9 1 cm orn\u00e9 d&#8217;une Petite fleur \u00e9toil\u00e9e en nacre rose de Californie et mini perle rose de culture suspendue. \ufffc<\/p>\n","protected":false},"featured_media":11850,"comment_status":"open","ping_status":"closed","template":"","meta":[],"product_brand":[],"product_cat":[116,246],"product_tag":[125,380,528,513,506,251],"class_list":{"0":"post-11852","1":"product","2":"type-product","3":"status-publish","4":"has-post-thumbnail","6":"product_cat-nouveautes","7":"product_cat-fils-oreilles","8":"product_tag-argent","9":"product_tag-cercle-martele","10":"product_tag-fils-doreilles-courtes","11":"product_tag-motif-nature","12":"product_tag-nacre-de-californie","13":"product_tag-perle-de-culture","15":"first","16":"instock","17":"shipping-taxable","18":"purchasable","19":"product-type-simple"},"_links":{"self":[{"href":"https:\/\/www.sylviebiollu.com\/site\/wp-json\/wp\/v2\/product\/11852","targetHints":{"allow":["GET"]}}],"collection":[{"href":"https:\/\/www.sylviebiollu.com\/site\/wp-json\/wp\/v2\/product"}],"about":[{"href":"https:\/\/www.sylviebiollu.com\/site\/wp-json\/wp\/v2\/types\/product"}],"replies":[{"embeddable":true,"href":"https:\/\/www.sylviebiollu.com\/site\/wp-json\/wp\/v2\/comments?post=11852"}],"version-history":[{"count":0,"href":"https:\/\/www.sylviebiollu.com\/site\/wp-json\/wp\/v2\/product\/11852\/revisions"}],"wp:featuredmedia":[{"embeddable":true,"href":"https:\/\/www.sylviebiollu.com\/site\/wp-json\/wp\/v2\/media\/11850"}],"wp:attachment":[{"href":"https:\/\/www.sylviebiollu.com\/site\/wp-json\/wp\/v2\/media?parent=11852"}],"wp:term":[{"taxonomy":"product_brand","embeddable":true,"href":"https:\/\/www.sylviebiollu.com\/site\/wp-json\/wp\/v2\/product_brand?post=11852"},{"taxonomy":"product_cat","embeddable":true,"href":"https:\/\/www.sylviebiollu.com\/site\/wp-json\/wp\/v2\/product_cat?post=11852"},{"taxonomy":"product_tag","embeddable":true,"href":"https:\/\/www.sylviebiollu.com\/site\/wp-json\/wp\/v2\/product_tag?post=11852"}],"curies":[{"name":"wp","href":"https:\/\/api.w.org\/{rel}","templated":true}]}}