{"id":11843,"date":"2025-12-03T12:02:14","date_gmt":"2025-12-03T11:02:14","guid":{"rendered":"https:\/\/www.sylviebiollu.com\/site\/fils-doreilles-cecile-trefle-et-argent\/"},"modified":"2025-12-03T12:02:19","modified_gmt":"2025-12-03T11:02:19","slug":"fils-doreilles-cecile-trefle-et-argent","status":"publish","type":"product","link":"https:\/\/www.sylviebiollu.com\/site\/fils-doreilles-cecile-trefle-et-argent\/","title":{"rendered":"Fils d\u2019oreilles C\u00e9cile tr\u00e8fle et argent"},"content":{"rendered":"<p><strong>Fils d&#8217;oreille, en argent et tr\u00e8fle 4 feuille en nacre de Tahiti, 1 cm Longueur totale 5 cm. \ufffc<\/strong><\/p>\n","protected":false},"excerpt":{"rendered":"<p>Fils d&#8217;oreille, en argent et tr\u00e8fle 4 feuille en nacre de Tahiti, 1 cm Longueur totale 5 cm. \ufffc<\/p>\n","protected":false},"featured_media":11842,"comment_status":"open","ping_status":"closed","template":"","meta":[],"product_brand":[],"product_cat":[9,246],"product_tag":[125,518,491,490],"class_list":{"0":"post-11843","1":"product","2":"type-product","3":"status-publish","4":"has-post-thumbnail","6":"product_cat-boucles-oreilles","7":"product_cat-fils-oreilles","8":"product_tag-argent","9":"product_tag-fil-doreille","10":"product_tag-motif-porte-bonheur","11":"product_tag-motif-trefle","13":"first","14":"instock","15":"shipping-taxable","16":"purchasable","17":"product-type-simple"},"_links":{"self":[{"href":"https:\/\/www.sylviebiollu.com\/site\/wp-json\/wp\/v2\/product\/11843","targetHints":{"allow":["GET"]}}],"collection":[{"href":"https:\/\/www.sylviebiollu.com\/site\/wp-json\/wp\/v2\/product"}],"about":[{"href":"https:\/\/www.sylviebiollu.com\/site\/wp-json\/wp\/v2\/types\/product"}],"replies":[{"embeddable":true,"href":"https:\/\/www.sylviebiollu.com\/site\/wp-json\/wp\/v2\/comments?post=11843"}],"version-history":[{"count":0,"href":"https:\/\/www.sylviebiollu.com\/site\/wp-json\/wp\/v2\/product\/11843\/revisions"}],"wp:featuredmedia":[{"embeddable":true,"href":"https:\/\/www.sylviebiollu.com\/site\/wp-json\/wp\/v2\/media\/11842"}],"wp:attachment":[{"href":"https:\/\/www.sylviebiollu.com\/site\/wp-json\/wp\/v2\/media?parent=11843"}],"wp:term":[{"taxonomy":"product_brand","embeddable":true,"href":"https:\/\/www.sylviebiollu.com\/site\/wp-json\/wp\/v2\/product_brand?post=11843"},{"taxonomy":"product_cat","embeddable":true,"href":"https:\/\/www.sylviebiollu.com\/site\/wp-json\/wp\/v2\/product_cat?post=11843"},{"taxonomy":"product_tag","embeddable":true,"href":"https:\/\/www.sylviebiollu.com\/site\/wp-json\/wp\/v2\/product_tag?post=11843"}],"curies":[{"name":"wp","href":"https:\/\/api.w.org\/{rel}","templated":true}]}}