{"id":11801,"date":"2025-12-02T20:44:35","date_gmt":"2025-12-02T19:44:35","guid":{"rendered":"https:\/\/www.sylviebiollu.com\/site\/boucles-doreilles-fantaisie-hiver-givre\/"},"modified":"2025-12-02T20:44:40","modified_gmt":"2025-12-02T19:44:40","slug":"boucles-doreilles-fantaisie-hiver-givre","status":"publish","type":"product","link":"https:\/\/www.sylviebiollu.com\/site\/boucles-doreilles-fantaisie-hiver-givre\/","title":{"rendered":"Boucles d\u2019oreilles fantaisie hiver givr\u00e9"},"content":{"rendered":"<p><strong>Boucles d&#8217;oreilles fantaisie en laiton trait\u00e9, quartz rutile,  ac\u00e9tate transparent tachet\u00e9 \ufffcfilaments noirs<\/strong><\/p>\n","protected":false},"excerpt":{"rendered":"<p>Boucles d&#8217;oreilles fantaisie en laiton trait\u00e9, quartz rutile, ac\u00e9tate transparent tachet\u00e9 \ufffcfilaments noirs<\/p>\n","protected":false},"featured_media":11798,"comment_status":"open","ping_status":"closed","template":"","meta":[],"product_brand":[],"product_cat":[116,9],"product_tag":[437,531,504,537,340],"class_list":{"0":"post-11801","1":"product","2":"type-product","3":"status-publish","4":"has-post-thumbnail","6":"product_cat-nouveautes","7":"product_cat-boucles-oreilles","8":"product_tag-acetate","9":"product_tag-boucles-doreilles-fantaisie","10":"product_tag-boucles-doreilles-longues","11":"product_tag-boucles-dorees","12":"product_tag-quartz-rutile","14":"first","15":"instock","16":"shipping-taxable","17":"purchasable","18":"product-type-simple"},"_links":{"self":[{"href":"https:\/\/www.sylviebiollu.com\/site\/wp-json\/wp\/v2\/product\/11801","targetHints":{"allow":["GET"]}}],"collection":[{"href":"https:\/\/www.sylviebiollu.com\/site\/wp-json\/wp\/v2\/product"}],"about":[{"href":"https:\/\/www.sylviebiollu.com\/site\/wp-json\/wp\/v2\/types\/product"}],"replies":[{"embeddable":true,"href":"https:\/\/www.sylviebiollu.com\/site\/wp-json\/wp\/v2\/comments?post=11801"}],"version-history":[{"count":0,"href":"https:\/\/www.sylviebiollu.com\/site\/wp-json\/wp\/v2\/product\/11801\/revisions"}],"wp:featuredmedia":[{"embeddable":true,"href":"https:\/\/www.sylviebiollu.com\/site\/wp-json\/wp\/v2\/media\/11798"}],"wp:attachment":[{"href":"https:\/\/www.sylviebiollu.com\/site\/wp-json\/wp\/v2\/media?parent=11801"}],"wp:term":[{"taxonomy":"product_brand","embeddable":true,"href":"https:\/\/www.sylviebiollu.com\/site\/wp-json\/wp\/v2\/product_brand?post=11801"},{"taxonomy":"product_cat","embeddable":true,"href":"https:\/\/www.sylviebiollu.com\/site\/wp-json\/wp\/v2\/product_cat?post=11801"},{"taxonomy":"product_tag","embeddable":true,"href":"https:\/\/www.sylviebiollu.com\/site\/wp-json\/wp\/v2\/product_tag?post=11801"}],"curies":[{"name":"wp","href":"https:\/\/api.w.org\/{rel}","templated":true}]}}