{"id":11787,"date":"2025-12-02T20:20:42","date_gmt":"2025-12-02T19:20:42","guid":{"rendered":"https:\/\/www.sylviebiollu.com\/site\/collier-adeline\/"},"modified":"2025-12-02T20:20:46","modified_gmt":"2025-12-02T19:20:46","slug":"collier-adeline","status":"publish","type":"product","link":"https:\/\/www.sylviebiollu.com\/site\/collier-adeline\/","title":{"rendered":"Collier Adeline"},"content":{"rendered":"<p><strong>Collier  maille for\u00e7at en plaqu\u00e9 or orn\u00e9 de sept pampilles dont quatre zirconiums et trois gouttes en nacre abalone  naturelle,  r\u00e9glable 40 \u00e0 45 cm <\/strong><\/p>\n","protected":false},"excerpt":{"rendered":"<p>Collier maille for\u00e7at en plaqu\u00e9 or orn\u00e9 de sept pampilles dont quatre zirconiums et trois gouttes en nacre abalone naturelle, r\u00e9glable 40 \u00e0 45 cm<\/p>\n","protected":false},"featured_media":11785,"comment_status":"open","ping_status":"closed","template":"","meta":[],"product_brand":[],"product_cat":[116,6],"product_tag":[431,510,489,530,123,501,570],"class_list":{"0":"post-11787","1":"product","2":"type-product","3":"status-publish","4":"has-post-thumbnail","6":"product_cat-nouveautes","7":"product_cat-colliers","8":"product_tag-abalone","9":"product_tag-chaine-maille-forcat","10":"product_tag-collier-reglable","11":"product_tag-matiere-naturelle","12":"product_tag-nacre","13":"product_tag-nacre-naturelle","14":"product_tag-zirconiums","16":"first","17":"instock","18":"shipping-taxable","19":"purchasable","20":"product-type-simple"},"_links":{"self":[{"href":"https:\/\/www.sylviebiollu.com\/site\/wp-json\/wp\/v2\/product\/11787","targetHints":{"allow":["GET"]}}],"collection":[{"href":"https:\/\/www.sylviebiollu.com\/site\/wp-json\/wp\/v2\/product"}],"about":[{"href":"https:\/\/www.sylviebiollu.com\/site\/wp-json\/wp\/v2\/types\/product"}],"replies":[{"embeddable":true,"href":"https:\/\/www.sylviebiollu.com\/site\/wp-json\/wp\/v2\/comments?post=11787"}],"version-history":[{"count":0,"href":"https:\/\/www.sylviebiollu.com\/site\/wp-json\/wp\/v2\/product\/11787\/revisions"}],"wp:featuredmedia":[{"embeddable":true,"href":"https:\/\/www.sylviebiollu.com\/site\/wp-json\/wp\/v2\/media\/11785"}],"wp:attachment":[{"href":"https:\/\/www.sylviebiollu.com\/site\/wp-json\/wp\/v2\/media?parent=11787"}],"wp:term":[{"taxonomy":"product_brand","embeddable":true,"href":"https:\/\/www.sylviebiollu.com\/site\/wp-json\/wp\/v2\/product_brand?post=11787"},{"taxonomy":"product_cat","embeddable":true,"href":"https:\/\/www.sylviebiollu.com\/site\/wp-json\/wp\/v2\/product_cat?post=11787"},{"taxonomy":"product_tag","embeddable":true,"href":"https:\/\/www.sylviebiollu.com\/site\/wp-json\/wp\/v2\/product_tag?post=11787"}],"curies":[{"name":"wp","href":"https:\/\/api.w.org\/{rel}","templated":true}]}}