{"id":11781,"date":"2025-12-02T19:24:27","date_gmt":"2025-12-02T18:24:27","guid":{"rendered":"https:\/\/www.sylviebiollu.com\/site\/mini-sautoir-sophie\/"},"modified":"2025-12-02T19:24:32","modified_gmt":"2025-12-02T18:24:32","slug":"mini-sautoir-sophie","status":"publish","type":"product","link":"https:\/\/www.sylviebiollu.com\/site\/mini-sautoir-sophie\/","title":{"rendered":"Mini sautoir Sophie"},"content":{"rendered":"<p><strong>Mini sautoir en maille for\u00e7at longueur 55 cm orn\u00e9 d&#8217;un pendentif forme goutte de pluie anneau textur\u00e9 et mini perle de culture en choix \u00e0 pr\u00e9ciser, noire, blanche ou rose .<\/strong><\/p>\n","protected":false},"excerpt":{"rendered":"<p>Mini sautoir en maille for\u00e7at longueur 55 cm orn\u00e9 d&#8217;un pendentif forme goutte de pluie anneau textur\u00e9 et mini perle de culture en choix \u00e0 pr\u00e9ciser, noire, blanche ou rose .<\/p>\n","protected":false},"featured_media":11777,"comment_status":"open","ping_status":"closed","template":"","meta":[],"product_brand":[],"product_cat":[116,8],"product_tag":[251,128,434],"class_list":{"0":"post-11781","1":"product","2":"type-product","3":"status-publish","4":"has-post-thumbnail","6":"product_cat-nouveautes","7":"product_cat-sautoirs","8":"product_tag-perle-de-culture","9":"product_tag-plaque-or","10":"product_tag-sautoir","12":"first","13":"instock","14":"shipping-taxable","15":"purchasable","16":"product-type-simple"},"_links":{"self":[{"href":"https:\/\/www.sylviebiollu.com\/site\/wp-json\/wp\/v2\/product\/11781","targetHints":{"allow":["GET"]}}],"collection":[{"href":"https:\/\/www.sylviebiollu.com\/site\/wp-json\/wp\/v2\/product"}],"about":[{"href":"https:\/\/www.sylviebiollu.com\/site\/wp-json\/wp\/v2\/types\/product"}],"replies":[{"embeddable":true,"href":"https:\/\/www.sylviebiollu.com\/site\/wp-json\/wp\/v2\/comments?post=11781"}],"version-history":[{"count":0,"href":"https:\/\/www.sylviebiollu.com\/site\/wp-json\/wp\/v2\/product\/11781\/revisions"}],"wp:featuredmedia":[{"embeddable":true,"href":"https:\/\/www.sylviebiollu.com\/site\/wp-json\/wp\/v2\/media\/11777"}],"wp:attachment":[{"href":"https:\/\/www.sylviebiollu.com\/site\/wp-json\/wp\/v2\/media?parent=11781"}],"wp:term":[{"taxonomy":"product_brand","embeddable":true,"href":"https:\/\/www.sylviebiollu.com\/site\/wp-json\/wp\/v2\/product_brand?post=11781"},{"taxonomy":"product_cat","embeddable":true,"href":"https:\/\/www.sylviebiollu.com\/site\/wp-json\/wp\/v2\/product_cat?post=11781"},{"taxonomy":"product_tag","embeddable":true,"href":"https:\/\/www.sylviebiollu.com\/site\/wp-json\/wp\/v2\/product_tag?post=11781"}],"curies":[{"name":"wp","href":"https:\/\/api.w.org\/{rel}","templated":true}]}}