{"id":11775,"date":"2025-12-02T19:09:44","date_gmt":"2025-12-02T18:09:44","guid":{"rendered":"https:\/\/www.sylviebiollu.com\/site\/collier-libra\/"},"modified":"2026-03-25T08:58:16","modified_gmt":"2026-03-25T07:58:16","slug":"collier-libra","status":"publish","type":"product","link":"https:\/\/www.sylviebiollu.com\/site\/collier-libra\/","title":{"rendered":"Collier Libra"},"content":{"rendered":"<p><strong>Collier en plaqu\u00e9 or orn\u00e9 de pampilles , 4 zircons, deux \u00e9toiles et un tr\u00e8fle \u00e0 quatre feuilles en nacre rose  de Californie <\/strong><\/p>\n","protected":false},"excerpt":{"rendered":"<p>Collier en plaqu\u00e9 or orn\u00e9 de pampilles , 4 zircons, deux \u00e9toiles et un tr\u00e8fle \u00e0 quatre feuilles en nacre rose de Californie<\/p>\n","protected":false},"featured_media":11773,"comment_status":"open","ping_status":"closed","template":"","meta":[],"product_brand":[],"product_cat":[116,6],"product_tag":[510,489,441,530,513,491,490,506,577,482,395,404,570],"class_list":{"0":"post-11775","1":"product","2":"type-product","3":"status-publish","4":"has-post-thumbnail","6":"product_cat-nouveautes","7":"product_cat-colliers","8":"product_tag-chaine-maille-forcat","9":"product_tag-collier-reglable","10":"product_tag-etoile","11":"product_tag-matiere-naturelle","12":"product_tag-motif-nature","13":"product_tag-motif-porte-bonheur","14":"product_tag-motif-trefle","15":"product_tag-nacre-de-californie","16":"product_tag-pampilles","17":"product_tag-pampilles-plaque-or","18":"product_tag-rose","19":"product_tag-trefle-a-4-feuilles","20":"product_tag-zirconiums","22":"first","23":"instock","24":"shipping-taxable","25":"purchasable","26":"product-type-simple"},"_links":{"self":[{"href":"https:\/\/www.sylviebiollu.com\/site\/wp-json\/wp\/v2\/product\/11775","targetHints":{"allow":["GET"]}}],"collection":[{"href":"https:\/\/www.sylviebiollu.com\/site\/wp-json\/wp\/v2\/product"}],"about":[{"href":"https:\/\/www.sylviebiollu.com\/site\/wp-json\/wp\/v2\/types\/product"}],"replies":[{"embeddable":true,"href":"https:\/\/www.sylviebiollu.com\/site\/wp-json\/wp\/v2\/comments?post=11775"}],"version-history":[{"count":0,"href":"https:\/\/www.sylviebiollu.com\/site\/wp-json\/wp\/v2\/product\/11775\/revisions"}],"wp:featuredmedia":[{"embeddable":true,"href":"https:\/\/www.sylviebiollu.com\/site\/wp-json\/wp\/v2\/media\/11773"}],"wp:attachment":[{"href":"https:\/\/www.sylviebiollu.com\/site\/wp-json\/wp\/v2\/media?parent=11775"}],"wp:term":[{"taxonomy":"product_brand","embeddable":true,"href":"https:\/\/www.sylviebiollu.com\/site\/wp-json\/wp\/v2\/product_brand?post=11775"},{"taxonomy":"product_cat","embeddable":true,"href":"https:\/\/www.sylviebiollu.com\/site\/wp-json\/wp\/v2\/product_cat?post=11775"},{"taxonomy":"product_tag","embeddable":true,"href":"https:\/\/www.sylviebiollu.com\/site\/wp-json\/wp\/v2\/product_tag?post=11775"}],"curies":[{"name":"wp","href":"https:\/\/api.w.org\/{rel}","templated":true}]}}