{"id":11760,"date":"2025-12-02T18:35:03","date_gmt":"2025-12-02T17:35:03","guid":{"rendered":"https:\/\/www.sylviebiollu.com\/site\/collier-london\/"},"modified":"2026-03-25T09:46:17","modified_gmt":"2026-03-25T08:46:17","slug":"collier-london","status":"publish","type":"product","link":"https:\/\/www.sylviebiollu.com\/site\/collier-london\/","title":{"rendered":"Collier London"},"content":{"rendered":"<p><strong>Collier en plaqu\u00e9 or maille \u00e9pi r\u00e9glable 41\/46 cm orn\u00e9 d&#8217;une v\u00e9ritable perle de culture baroque de 3 m <\/strong><\/p>\n","protected":false},"excerpt":{"rendered":"<p>Collier en plaqu\u00e9 or maille \u00e9pi r\u00e9glable 41\/46 cm orn\u00e9 d&#8217;une v\u00e9ritable perle de culture baroque de 3 m<\/p>\n","protected":false},"featured_media":11758,"comment_status":"open","ping_status":"closed","template":"","meta":[],"product_brand":[],"product_cat":[116,6],"product_tag":[489,574,530,573,479,360],"class_list":{"0":"post-11760","1":"product","2":"type-product","3":"status-publish","4":"has-post-thumbnail","6":"product_cat-nouveautes","7":"product_cat-colliers","8":"product_tag-collier-reglable","9":"product_tag-maille-epi","10":"product_tag-matiere-naturelle","11":"product_tag-pendentif","12":"product_tag-perle-baroque","13":"product_tag-perle-naturelle","15":"first","16":"outofstock","17":"shipping-taxable","18":"purchasable","19":"product-type-simple"},"_links":{"self":[{"href":"https:\/\/www.sylviebiollu.com\/site\/wp-json\/wp\/v2\/product\/11760","targetHints":{"allow":["GET"]}}],"collection":[{"href":"https:\/\/www.sylviebiollu.com\/site\/wp-json\/wp\/v2\/product"}],"about":[{"href":"https:\/\/www.sylviebiollu.com\/site\/wp-json\/wp\/v2\/types\/product"}],"replies":[{"embeddable":true,"href":"https:\/\/www.sylviebiollu.com\/site\/wp-json\/wp\/v2\/comments?post=11760"}],"version-history":[{"count":1,"href":"https:\/\/www.sylviebiollu.com\/site\/wp-json\/wp\/v2\/product\/11760\/revisions"}],"predecessor-version":[{"id":12042,"href":"https:\/\/www.sylviebiollu.com\/site\/wp-json\/wp\/v2\/product\/11760\/revisions\/12042"}],"wp:featuredmedia":[{"embeddable":true,"href":"https:\/\/www.sylviebiollu.com\/site\/wp-json\/wp\/v2\/media\/11758"}],"wp:attachment":[{"href":"https:\/\/www.sylviebiollu.com\/site\/wp-json\/wp\/v2\/media?parent=11760"}],"wp:term":[{"taxonomy":"product_brand","embeddable":true,"href":"https:\/\/www.sylviebiollu.com\/site\/wp-json\/wp\/v2\/product_brand?post=11760"},{"taxonomy":"product_cat","embeddable":true,"href":"https:\/\/www.sylviebiollu.com\/site\/wp-json\/wp\/v2\/product_cat?post=11760"},{"taxonomy":"product_tag","embeddable":true,"href":"https:\/\/www.sylviebiollu.com\/site\/wp-json\/wp\/v2\/product_tag?post=11760"}],"curies":[{"name":"wp","href":"https:\/\/api.w.org\/{rel}","templated":true}]}}