{"id":11756,"date":"2025-12-02T18:24:54","date_gmt":"2025-12-02T17:24:54","guid":{"rendered":"https:\/\/www.sylviebiollu.com\/site\/collier-vanessa\/"},"modified":"2025-12-02T18:24:59","modified_gmt":"2025-12-02T17:24:59","slug":"collier-vanessa","status":"publish","type":"product","link":"https:\/\/www.sylviebiollu.com\/site\/collier-vanessa\/","title":{"rendered":"Collier Vanessa"},"content":{"rendered":"<p><strong>Collier r\u00e9glable \u00e0 pampilles orn\u00e9 de 3 tr\u00e8fles \u00e0 quatre feuilles en nacre de Tahiti, et quatre petits zirconiums <\/strong><\/p>\n","protected":false},"excerpt":{"rendered":"<p>Collier r\u00e9glable \u00e0 pampilles orn\u00e9 de 3 tr\u00e8fles \u00e0 quatre feuilles en nacre de Tahiti, et quatre petits zirconiums<\/p>\n","protected":false},"featured_media":11754,"comment_status":"open","ping_status":"closed","template":"","meta":[],"product_brand":[],"product_cat":[116,6],"product_tag":[510,490,454,572,404,180],"class_list":{"0":"post-11756","1":"product","2":"type-product","3":"status-publish","4":"has-post-thumbnail","6":"product_cat-nouveautes","7":"product_cat-colliers","8":"product_tag-chaine-maille-forcat","9":"product_tag-motif-trefle","10":"product_tag-nacre-de-tahiti","11":"product_tag-reglable","12":"product_tag-trefle-a-4-feuilles","13":"product_tag-zirconium","15":"first","16":"instock","17":"shipping-taxable","18":"purchasable","19":"product-type-simple"},"_links":{"self":[{"href":"https:\/\/www.sylviebiollu.com\/site\/wp-json\/wp\/v2\/product\/11756","targetHints":{"allow":["GET"]}}],"collection":[{"href":"https:\/\/www.sylviebiollu.com\/site\/wp-json\/wp\/v2\/product"}],"about":[{"href":"https:\/\/www.sylviebiollu.com\/site\/wp-json\/wp\/v2\/types\/product"}],"replies":[{"embeddable":true,"href":"https:\/\/www.sylviebiollu.com\/site\/wp-json\/wp\/v2\/comments?post=11756"}],"version-history":[{"count":0,"href":"https:\/\/www.sylviebiollu.com\/site\/wp-json\/wp\/v2\/product\/11756\/revisions"}],"wp:featuredmedia":[{"embeddable":true,"href":"https:\/\/www.sylviebiollu.com\/site\/wp-json\/wp\/v2\/media\/11754"}],"wp:attachment":[{"href":"https:\/\/www.sylviebiollu.com\/site\/wp-json\/wp\/v2\/media?parent=11756"}],"wp:term":[{"taxonomy":"product_brand","embeddable":true,"href":"https:\/\/www.sylviebiollu.com\/site\/wp-json\/wp\/v2\/product_brand?post=11756"},{"taxonomy":"product_cat","embeddable":true,"href":"https:\/\/www.sylviebiollu.com\/site\/wp-json\/wp\/v2\/product_cat?post=11756"},{"taxonomy":"product_tag","embeddable":true,"href":"https:\/\/www.sylviebiollu.com\/site\/wp-json\/wp\/v2\/product_tag?post=11756"}],"curies":[{"name":"wp","href":"https:\/\/api.w.org\/{rel}","templated":true}]}}