{"id":11650,"date":"2025-03-11T13:24:00","date_gmt":"2025-03-11T12:24:00","guid":{"rendered":"https:\/\/www.sylviebiollu.com\/site\/boucles-doreilles-mini-creoles-lola-mini-creole-et-trefle\/"},"modified":"2025-12-01T23:51:44","modified_gmt":"2025-12-01T22:51:44","slug":"boucles-doreilles-mini-creoles-lola-mini-creole-et-trefle","status":"publish","type":"product","link":"https:\/\/www.sylviebiollu.com\/site\/boucles-doreilles-mini-creoles-lola-mini-creole-et-trefle\/","title":{"rendered":"Boucles d\u2019oreilles mini cr\u00e9oles et tr\u00e8fle Lola"},"content":{"rendered":"<p><strong>Cr\u00e9oles en plaqu\u00e9 or 15 mm et tr\u00e8fle en nacre blanche amovible 10 mm<\/strong><\/p>\n","protected":false},"excerpt":{"rendered":"<p>Cr\u00e9oles en plaqu\u00e9 or 15 mm et tr\u00e8fle en nacre blanche amovible 10 mm<\/p>\n","protected":false},"featured_media":11717,"comment_status":"open","ping_status":"closed","template":"","meta":[],"product_brand":[],"product_cat":[116,9],"product_tag":[563,562,174,490,123,511,492,128,404],"class_list":{"0":"post-11650","1":"product","2":"type-product","3":"status-publish","4":"has-post-thumbnail","6":"product_cat-nouveautes","7":"product_cat-boucles-oreilles","8":"product_tag-amovible","9":"product_tag-boucles-doreilles-creoles","10":"product_tag-creole","11":"product_tag-motif-trefle","12":"product_tag-nacre","13":"product_tag-nacre-blanche","14":"product_tag-nacre-naturelle-a-facette","15":"product_tag-plaque-or","16":"product_tag-trefle-a-4-feuilles","18":"first","19":"instock","20":"shipping-taxable","21":"purchasable","22":"product-type-simple"},"_links":{"self":[{"href":"https:\/\/www.sylviebiollu.com\/site\/wp-json\/wp\/v2\/product\/11650","targetHints":{"allow":["GET"]}}],"collection":[{"href":"https:\/\/www.sylviebiollu.com\/site\/wp-json\/wp\/v2\/product"}],"about":[{"href":"https:\/\/www.sylviebiollu.com\/site\/wp-json\/wp\/v2\/types\/product"}],"replies":[{"embeddable":true,"href":"https:\/\/www.sylviebiollu.com\/site\/wp-json\/wp\/v2\/comments?post=11650"}],"version-history":[{"count":2,"href":"https:\/\/www.sylviebiollu.com\/site\/wp-json\/wp\/v2\/product\/11650\/revisions"}],"predecessor-version":[{"id":11718,"href":"https:\/\/www.sylviebiollu.com\/site\/wp-json\/wp\/v2\/product\/11650\/revisions\/11718"}],"wp:featuredmedia":[{"embeddable":true,"href":"https:\/\/www.sylviebiollu.com\/site\/wp-json\/wp\/v2\/media\/11717"}],"wp:attachment":[{"href":"https:\/\/www.sylviebiollu.com\/site\/wp-json\/wp\/v2\/media?parent=11650"}],"wp:term":[{"taxonomy":"product_brand","embeddable":true,"href":"https:\/\/www.sylviebiollu.com\/site\/wp-json\/wp\/v2\/product_brand?post=11650"},{"taxonomy":"product_cat","embeddable":true,"href":"https:\/\/www.sylviebiollu.com\/site\/wp-json\/wp\/v2\/product_cat?post=11650"},{"taxonomy":"product_tag","embeddable":true,"href":"https:\/\/www.sylviebiollu.com\/site\/wp-json\/wp\/v2\/product_tag?post=11650"}],"curies":[{"name":"wp","href":"https:\/\/api.w.org\/{rel}","templated":true}]}}