{"id":11648,"date":"2025-03-11T13:18:17","date_gmt":"2025-03-11T12:18:17","guid":{"rendered":"https:\/\/www.sylviebiollu.com\/site\/bracelet-nathalie\/"},"modified":"2026-03-05T07:59:05","modified_gmt":"2026-03-05T06:59:05","slug":"bracelet-nathalie","status":"publish","type":"product","link":"https:\/\/www.sylviebiollu.com\/site\/bracelet-nathalie\/","title":{"rendered":"Bracelet Nathalie"},"content":{"rendered":"<p><strong>Bracelet en plaqu\u00e9 or, maille altern\u00e9e ovale et rectangulaire et tr\u00e8fle \u00e0 quatre feuilles en nacre, 20 mm de diam\u00e8tre\ufffc r\u00e9glable, 18 \u00e0 21 cm \ufffc<\/strong><\/p>\n","protected":false},"excerpt":{"rendered":"<p>Bracelet en plaqu\u00e9 or, maille altern\u00e9e ovale et rectangulaire et tr\u00e8fle \u00e0 quatre feuilles en nacre, 20 mm de diam\u00e8tre\ufffc r\u00e9glable, 18 \u00e0 21 cm \ufffc<\/p>\n","protected":false},"featured_media":11647,"comment_status":"open","ping_status":"closed","template":"","meta":[],"product_brand":[],"product_cat":[116,10],"product_tag":[483,541,488,484,530,491,511,501,551,529,438,404],"class_list":{"0":"post-11648","1":"product","2":"type-product","3":"status-publish","4":"has-post-thumbnail","6":"product_cat-nouveautes","7":"product_cat-bracelets","8":"product_tag-bracelet-reglable","9":"product_tag-grosse-maille","10":"product_tag-maille-alternee","11":"product_tag-maille-rectangle","12":"product_tag-matiere-naturelle","13":"product_tag-motif-porte-bonheur","14":"product_tag-nacre-blanche","15":"product_tag-nacre-naturelle","16":"product_tag-porte-bonheur","17":"product_tag-rectangulaire","18":"product_tag-trefle","19":"product_tag-trefle-a-4-feuilles","21":"first","22":"outofstock","23":"shipping-taxable","24":"purchasable","25":"product-type-simple"},"_links":{"self":[{"href":"https:\/\/www.sylviebiollu.com\/site\/wp-json\/wp\/v2\/product\/11648","targetHints":{"allow":["GET"]}}],"collection":[{"href":"https:\/\/www.sylviebiollu.com\/site\/wp-json\/wp\/v2\/product"}],"about":[{"href":"https:\/\/www.sylviebiollu.com\/site\/wp-json\/wp\/v2\/types\/product"}],"replies":[{"embeddable":true,"href":"https:\/\/www.sylviebiollu.com\/site\/wp-json\/wp\/v2\/comments?post=11648"}],"version-history":[{"count":0,"href":"https:\/\/www.sylviebiollu.com\/site\/wp-json\/wp\/v2\/product\/11648\/revisions"}],"wp:featuredmedia":[{"embeddable":true,"href":"https:\/\/www.sylviebiollu.com\/site\/wp-json\/wp\/v2\/media\/11647"}],"wp:attachment":[{"href":"https:\/\/www.sylviebiollu.com\/site\/wp-json\/wp\/v2\/media?parent=11648"}],"wp:term":[{"taxonomy":"product_brand","embeddable":true,"href":"https:\/\/www.sylviebiollu.com\/site\/wp-json\/wp\/v2\/product_brand?post=11648"},{"taxonomy":"product_cat","embeddable":true,"href":"https:\/\/www.sylviebiollu.com\/site\/wp-json\/wp\/v2\/product_cat?post=11648"},{"taxonomy":"product_tag","embeddable":true,"href":"https:\/\/www.sylviebiollu.com\/site\/wp-json\/wp\/v2\/product_tag?post=11648"}],"curies":[{"name":"wp","href":"https:\/\/api.w.org\/{rel}","templated":true}]}}