{"id":11646,"date":"2025-03-11T10:32:13","date_gmt":"2025-03-11T09:32:13","guid":{"rendered":"https:\/\/www.sylviebiollu.com\/site\/boucles-doreilles-osaka-fleurs-de-cerisier\/"},"modified":"2025-12-02T00:21:55","modified_gmt":"2025-12-01T23:21:55","slug":"boucles-doreilles-osaka-fleurs-de-cerisier","status":"publish","type":"product","link":"https:\/\/www.sylviebiollu.com\/site\/boucles-doreilles-osaka-fleurs-de-cerisier\/","title":{"rendered":"Boucles d\u2019oreilles Osaka fleurs de cerisier"},"content":{"rendered":"<p><strong>Puces d&#8217;oreilles petit mod\u00e8le en or lamine 5 microns ou argent au choix et nacre blanche 6 mm, 3 fleurs diff\u00e9rentes , boutons, 3 p\u00e9tales, 5 p\u00e9tales au choix <\/strong><\/p>\n","protected":false},"excerpt":{"rendered":"<p>Puces d&#8217;oreilles petit mod\u00e8le en or lamine 5 microns ou argent au choix et nacre blanche 6 mm, 3 fleurs diff\u00e9rentes , boutons, 3 p\u00e9tales, 5 p\u00e9tales au choix<\/p>\n","protected":false},"featured_media":11645,"comment_status":"open","ping_status":"closed","template":"","meta":[],"product_brand":[],"product_cat":[116,9],"product_tag":[557,558,561,446,559,513,491,123,511,556,560],"class_list":{"0":"post-11646","1":"product","2":"type-product","3":"status-publish","4":"has-post-thumbnail","6":"product_cat-nouveautes","7":"product_cat-boucles-oreilles","8":"product_tag-5-microns","9":"product_tag-fleurs","10":"product_tag-fleurs-de-cerisier","11":"product_tag-gold-filled","12":"product_tag-motif-fleur","13":"product_tag-motif-nature","14":"product_tag-motif-porte-bonheur","15":"product_tag-nacre","16":"product_tag-nacre-blanche","17":"product_tag-or-lamine","18":"product_tag-puce-doreilles","20":"first","21":"instock","22":"shipping-taxable","23":"purchasable","24":"product-type-simple"},"_links":{"self":[{"href":"https:\/\/www.sylviebiollu.com\/site\/wp-json\/wp\/v2\/product\/11646","targetHints":{"allow":["GET"]}}],"collection":[{"href":"https:\/\/www.sylviebiollu.com\/site\/wp-json\/wp\/v2\/product"}],"about":[{"href":"https:\/\/www.sylviebiollu.com\/site\/wp-json\/wp\/v2\/types\/product"}],"replies":[{"embeddable":true,"href":"https:\/\/www.sylviebiollu.com\/site\/wp-json\/wp\/v2\/comments?post=11646"}],"version-history":[{"count":2,"href":"https:\/\/www.sylviebiollu.com\/site\/wp-json\/wp\/v2\/product\/11646\/revisions"}],"predecessor-version":[{"id":11725,"href":"https:\/\/www.sylviebiollu.com\/site\/wp-json\/wp\/v2\/product\/11646\/revisions\/11725"}],"wp:featuredmedia":[{"embeddable":true,"href":"https:\/\/www.sylviebiollu.com\/site\/wp-json\/wp\/v2\/media\/11645"}],"wp:attachment":[{"href":"https:\/\/www.sylviebiollu.com\/site\/wp-json\/wp\/v2\/media?parent=11646"}],"wp:term":[{"taxonomy":"product_brand","embeddable":true,"href":"https:\/\/www.sylviebiollu.com\/site\/wp-json\/wp\/v2\/product_brand?post=11646"},{"taxonomy":"product_cat","embeddable":true,"href":"https:\/\/www.sylviebiollu.com\/site\/wp-json\/wp\/v2\/product_cat?post=11646"},{"taxonomy":"product_tag","embeddable":true,"href":"https:\/\/www.sylviebiollu.com\/site\/wp-json\/wp\/v2\/product_tag?post=11646"}],"curies":[{"name":"wp","href":"https:\/\/api.w.org\/{rel}","templated":true}]}}