{"id":11630,"date":"2025-03-10T14:41:17","date_gmt":"2025-03-10T13:41:17","guid":{"rendered":"https:\/\/www.sylviebiollu.com\/site\/?post_type=product&#038;p=11630"},"modified":"2025-12-02T00:27:12","modified_gmt":"2025-12-01T23:27:12","slug":"bracelet-brasilia","status":"publish","type":"product","link":"https:\/\/www.sylviebiollu.com\/site\/bracelet-brasilia\/","title":{"rendered":"Bracelet Brasilia"},"content":{"rendered":"<p><strong>V\u00e9ritable perle de culture blanche et ovale et cristaux de Swarovski couleur \u00e9meraude , fermeture macram\u00e9 r\u00e9glable <\/strong><\/p>\n","protected":false},"excerpt":{"rendered":"<p>V\u00e9ritable perle de culture blanche et ovale et cristaux de Swarovski couleur \u00e9meraude , fermeture macram\u00e9 r\u00e9glable<\/p>\n","protected":false},"featured_media":11631,"comment_status":"closed","ping_status":"closed","template":"","meta":[],"product_brand":[383],"product_cat":[116,10],"product_tag":[480,127,251],"class_list":{"0":"post-11630","1":"product","2":"type-product","3":"status-publish","4":"has-post-thumbnail","6":"product_brand-sylvie-biollu","7":"product_cat-nouveautes","8":"product_cat-bracelets","9":"product_tag-bracelet","10":"product_tag-perle","11":"product_tag-perle-de-culture","13":"first","14":"instock","15":"shipping-taxable","16":"purchasable","17":"product-type-simple"},"_links":{"self":[{"href":"https:\/\/www.sylviebiollu.com\/site\/wp-json\/wp\/v2\/product\/11630","targetHints":{"allow":["GET"]}}],"collection":[{"href":"https:\/\/www.sylviebiollu.com\/site\/wp-json\/wp\/v2\/product"}],"about":[{"href":"https:\/\/www.sylviebiollu.com\/site\/wp-json\/wp\/v2\/types\/product"}],"replies":[{"embeddable":true,"href":"https:\/\/www.sylviebiollu.com\/site\/wp-json\/wp\/v2\/comments?post=11630"}],"version-history":[{"count":1,"href":"https:\/\/www.sylviebiollu.com\/site\/wp-json\/wp\/v2\/product\/11630\/revisions"}],"predecessor-version":[{"id":11651,"href":"https:\/\/www.sylviebiollu.com\/site\/wp-json\/wp\/v2\/product\/11630\/revisions\/11651"}],"wp:featuredmedia":[{"embeddable":true,"href":"https:\/\/www.sylviebiollu.com\/site\/wp-json\/wp\/v2\/media\/11631"}],"wp:attachment":[{"href":"https:\/\/www.sylviebiollu.com\/site\/wp-json\/wp\/v2\/media?parent=11630"}],"wp:term":[{"taxonomy":"product_brand","embeddable":true,"href":"https:\/\/www.sylviebiollu.com\/site\/wp-json\/wp\/v2\/product_brand?post=11630"},{"taxonomy":"product_cat","embeddable":true,"href":"https:\/\/www.sylviebiollu.com\/site\/wp-json\/wp\/v2\/product_cat?post=11630"},{"taxonomy":"product_tag","embeddable":true,"href":"https:\/\/www.sylviebiollu.com\/site\/wp-json\/wp\/v2\/product_tag?post=11630"}],"curies":[{"name":"wp","href":"https:\/\/api.w.org\/{rel}","templated":true}]}}