{"id":11604,"date":"2025-03-10T12:26:39","date_gmt":"2025-03-10T11:26:39","guid":{"rendered":"https:\/\/www.sylviebiollu.com\/site\/bracelet-plaque-or-lola\/"},"modified":"2026-03-05T08:00:45","modified_gmt":"2026-03-05T07:00:45","slug":"bracelet-plaque-or-lola","status":"publish","type":"product","link":"https:\/\/www.sylviebiollu.com\/site\/bracelet-plaque-or-lola\/","title":{"rendered":"Bracelet plaqu\u00e9 or Lola"},"content":{"rendered":"<p><strong>Bracelet en plaqu\u00e9 or r\u00e9glable 16 \u00e0 18 cm orn\u00e9 d&#8217;un tr\u00e8fle \u00e0 quatre feuilles en nacre blanche <\/strong><\/p>\n","protected":false},"excerpt":{"rendered":"<p>Bracelet en plaqu\u00e9 or r\u00e9glable 16 \u00e0 18 cm orn\u00e9 d&#8217;un tr\u00e8fle \u00e0 quatre feuilles en nacre blanche<\/p>\n","protected":false},"featured_media":11603,"comment_status":"open","ping_status":"closed","template":"","meta":[],"product_brand":[],"product_cat":[116,10],"product_tag":[480,499,483,490,511,404],"class_list":{"0":"post-11604","1":"product","2":"type-product","3":"status-publish","4":"has-post-thumbnail","6":"product_cat-nouveautes","7":"product_cat-bracelets","8":"product_tag-bracelet","9":"product_tag-bracelet-matiere-naturelle","10":"product_tag-bracelet-reglable","11":"product_tag-motif-trefle","12":"product_tag-nacre-blanche","13":"product_tag-trefle-a-4-feuilles","15":"first","16":"instock","17":"shipping-taxable","18":"purchasable","19":"product-type-simple"},"_links":{"self":[{"href":"https:\/\/www.sylviebiollu.com\/site\/wp-json\/wp\/v2\/product\/11604","targetHints":{"allow":["GET"]}}],"collection":[{"href":"https:\/\/www.sylviebiollu.com\/site\/wp-json\/wp\/v2\/product"}],"about":[{"href":"https:\/\/www.sylviebiollu.com\/site\/wp-json\/wp\/v2\/types\/product"}],"replies":[{"embeddable":true,"href":"https:\/\/www.sylviebiollu.com\/site\/wp-json\/wp\/v2\/comments?post=11604"}],"version-history":[{"count":1,"href":"https:\/\/www.sylviebiollu.com\/site\/wp-json\/wp\/v2\/product\/11604\/revisions"}],"predecessor-version":[{"id":11727,"href":"https:\/\/www.sylviebiollu.com\/site\/wp-json\/wp\/v2\/product\/11604\/revisions\/11727"}],"wp:featuredmedia":[{"embeddable":true,"href":"https:\/\/www.sylviebiollu.com\/site\/wp-json\/wp\/v2\/media\/11603"}],"wp:attachment":[{"href":"https:\/\/www.sylviebiollu.com\/site\/wp-json\/wp\/v2\/media?parent=11604"}],"wp:term":[{"taxonomy":"product_brand","embeddable":true,"href":"https:\/\/www.sylviebiollu.com\/site\/wp-json\/wp\/v2\/product_brand?post=11604"},{"taxonomy":"product_cat","embeddable":true,"href":"https:\/\/www.sylviebiollu.com\/site\/wp-json\/wp\/v2\/product_cat?post=11604"},{"taxonomy":"product_tag","embeddable":true,"href":"https:\/\/www.sylviebiollu.com\/site\/wp-json\/wp\/v2\/product_tag?post=11604"}],"curies":[{"name":"wp","href":"https:\/\/api.w.org\/{rel}","templated":true}]}}