{"id":11595,"date":"2025-03-10T11:59:32","date_gmt":"2025-03-10T10:59:32","guid":{"rendered":"https:\/\/www.sylviebiollu.com\/site\/collier-lola\/"},"modified":"2026-01-01T12:07:37","modified_gmt":"2026-01-01T11:07:37","slug":"collier-lola","status":"publish","type":"product","link":"https:\/\/www.sylviebiollu.com\/site\/collier-lola\/","title":{"rendered":"Collier Lola"},"content":{"rendered":"<p><strong>Collier en plaqu\u00e9 or r\u00e9glable 40 \u00e0 45 cm orn\u00e9 de 8 pampillles et d&#8217;un tr\u00e8fle \u00e0 quatre feuilles en nacre blanche <\/strong><\/p>\n","protected":false},"excerpt":{"rendered":"<p>Collier en plaqu\u00e9 or r\u00e9glable 40 \u00e0 45 cm orn\u00e9 de 8 pampillles et d&#8217;un tr\u00e8fle \u00e0 quatre feuilles en nacre blanche<\/p>\n","protected":false},"featured_media":11592,"comment_status":"open","ping_status":"closed","template":"","meta":[],"product_brand":[],"product_cat":[116,6],"product_tag":[489,393,491,490,511,501,482,551,404],"class_list":{"0":"post-11595","1":"product","2":"type-product","3":"status-publish","4":"has-post-thumbnail","6":"product_cat-nouveautes","7":"product_cat-colliers","8":"product_tag-collier-reglable","9":"product_tag-maille-gourmette","10":"product_tag-motif-porte-bonheur","11":"product_tag-motif-trefle","12":"product_tag-nacre-blanche","13":"product_tag-nacre-naturelle","14":"product_tag-pampilles-plaque-or","15":"product_tag-porte-bonheur","16":"product_tag-trefle-a-4-feuilles","18":"first","19":"outofstock","20":"shipping-taxable","21":"purchasable","22":"product-type-simple"},"_links":{"self":[{"href":"https:\/\/www.sylviebiollu.com\/site\/wp-json\/wp\/v2\/product\/11595","targetHints":{"allow":["GET"]}}],"collection":[{"href":"https:\/\/www.sylviebiollu.com\/site\/wp-json\/wp\/v2\/product"}],"about":[{"href":"https:\/\/www.sylviebiollu.com\/site\/wp-json\/wp\/v2\/types\/product"}],"replies":[{"embeddable":true,"href":"https:\/\/www.sylviebiollu.com\/site\/wp-json\/wp\/v2\/comments?post=11595"}],"version-history":[{"count":1,"href":"https:\/\/www.sylviebiollu.com\/site\/wp-json\/wp\/v2\/product\/11595\/revisions"}],"predecessor-version":[{"id":11730,"href":"https:\/\/www.sylviebiollu.com\/site\/wp-json\/wp\/v2\/product\/11595\/revisions\/11730"}],"wp:featuredmedia":[{"embeddable":true,"href":"https:\/\/www.sylviebiollu.com\/site\/wp-json\/wp\/v2\/media\/11592"}],"wp:attachment":[{"href":"https:\/\/www.sylviebiollu.com\/site\/wp-json\/wp\/v2\/media?parent=11595"}],"wp:term":[{"taxonomy":"product_brand","embeddable":true,"href":"https:\/\/www.sylviebiollu.com\/site\/wp-json\/wp\/v2\/product_brand?post=11595"},{"taxonomy":"product_cat","embeddable":true,"href":"https:\/\/www.sylviebiollu.com\/site\/wp-json\/wp\/v2\/product_cat?post=11595"},{"taxonomy":"product_tag","embeddable":true,"href":"https:\/\/www.sylviebiollu.com\/site\/wp-json\/wp\/v2\/product_tag?post=11595"}],"curies":[{"name":"wp","href":"https:\/\/api.w.org\/{rel}","templated":true}]}}