{"id":11586,"date":"2025-03-10T09:35:38","date_gmt":"2025-03-10T08:35:38","guid":{"rendered":"https:\/\/www.sylviebiollu.com\/site\/boucles-doreilles-fantaisie-une-nuit-a-rome\/"},"modified":"2025-03-10T09:35:42","modified_gmt":"2025-03-10T08:35:42","slug":"boucles-doreilles-fantaisie-une-nuit-a-rome","status":"publish","type":"product","link":"https:\/\/www.sylviebiollu.com\/site\/boucles-doreilles-fantaisie-une-nuit-a-rome\/","title":{"rendered":"Boucles d\u2019oreilles fantaisie une nuit \u00e0 Rome"},"content":{"rendered":"<p><strong>Boucles dor\u00e9es fantaisie en laiton trait\u00e9 <\/strong><\/p>\n","protected":false},"excerpt":{"rendered":"<p><strong>Boucles d&#8217;oreilles fantaisie une nuit \u00e0 Rome, longueur totale 45 mm x 25 mm,<\/strong><\/p>\n<p><strong>\u00c9ventail 25 \u00d7 30 et pompon fleur longueur 15 mm. \ufffc<\/strong><\/p>\n","protected":false},"featured_media":11581,"comment_status":"open","ping_status":"closed","template":"","meta":[],"product_brand":[],"product_cat":[116,9],"product_tag":[],"class_list":{"0":"post-11586","1":"product","2":"type-product","3":"status-publish","4":"has-post-thumbnail","6":"product_cat-nouveautes","7":"product_cat-boucles-oreilles","9":"first","10":"instock","11":"shipping-taxable","12":"purchasable","13":"product-type-simple"},"_links":{"self":[{"href":"https:\/\/www.sylviebiollu.com\/site\/wp-json\/wp\/v2\/product\/11586","targetHints":{"allow":["GET"]}}],"collection":[{"href":"https:\/\/www.sylviebiollu.com\/site\/wp-json\/wp\/v2\/product"}],"about":[{"href":"https:\/\/www.sylviebiollu.com\/site\/wp-json\/wp\/v2\/types\/product"}],"replies":[{"embeddable":true,"href":"https:\/\/www.sylviebiollu.com\/site\/wp-json\/wp\/v2\/comments?post=11586"}],"version-history":[{"count":0,"href":"https:\/\/www.sylviebiollu.com\/site\/wp-json\/wp\/v2\/product\/11586\/revisions"}],"wp:featuredmedia":[{"embeddable":true,"href":"https:\/\/www.sylviebiollu.com\/site\/wp-json\/wp\/v2\/media\/11581"}],"wp:attachment":[{"href":"https:\/\/www.sylviebiollu.com\/site\/wp-json\/wp\/v2\/media?parent=11586"}],"wp:term":[{"taxonomy":"product_brand","embeddable":true,"href":"https:\/\/www.sylviebiollu.com\/site\/wp-json\/wp\/v2\/product_brand?post=11586"},{"taxonomy":"product_cat","embeddable":true,"href":"https:\/\/www.sylviebiollu.com\/site\/wp-json\/wp\/v2\/product_cat?post=11586"},{"taxonomy":"product_tag","embeddable":true,"href":"https:\/\/www.sylviebiollu.com\/site\/wp-json\/wp\/v2\/product_tag?post=11586"}],"curies":[{"name":"wp","href":"https:\/\/api.w.org\/{rel}","templated":true}]}}