{"id":11567,"date":"2025-03-10T08:57:53","date_gmt":"2025-03-10T07:57:53","guid":{"rendered":"https:\/\/www.sylviebiollu.com\/site\/collier-tahina\/"},"modified":"2025-03-10T08:57:58","modified_gmt":"2025-03-10T07:57:58","slug":"collier-tahina","status":"publish","type":"product","link":"https:\/\/www.sylviebiollu.com\/site\/collier-tahina\/","title":{"rendered":"Collier Tahina"},"content":{"rendered":"<p><strong>Coller en plaqu\u00e9 or, cha\u00eene r\u00e9glable 40 \u00e0 45 cm et pendentif fleur en nacre de Tahiti  20 mm de diam\u00e8tre et perle de culture centrale <\/strong><\/p>\n","protected":false},"excerpt":{"rendered":"<p>Coller en plaqu\u00e9 or, cha\u00eene r\u00e9glable 40 \u00e0 45 cm et pendentif fleur en nacre de Tahiti 20 mm de diam\u00e8tre et perle de culture centrale<\/p>\n","protected":false},"featured_media":11566,"comment_status":"open","ping_status":"closed","template":"","meta":[],"product_brand":[],"product_cat":[116,6],"product_tag":[547,454,251,128],"class_list":{"0":"post-11567","1":"product","2":"type-product","3":"status-publish","4":"has-post-thumbnail","6":"product_cat-nouveautes","7":"product_cat-colliers","8":"product_tag-chaine-reglable","9":"product_tag-nacre-de-tahiti","10":"product_tag-perle-de-culture","11":"product_tag-plaque-or","13":"first","14":"instock","15":"shipping-taxable","16":"purchasable","17":"product-type-simple"},"_links":{"self":[{"href":"https:\/\/www.sylviebiollu.com\/site\/wp-json\/wp\/v2\/product\/11567","targetHints":{"allow":["GET"]}}],"collection":[{"href":"https:\/\/www.sylviebiollu.com\/site\/wp-json\/wp\/v2\/product"}],"about":[{"href":"https:\/\/www.sylviebiollu.com\/site\/wp-json\/wp\/v2\/types\/product"}],"replies":[{"embeddable":true,"href":"https:\/\/www.sylviebiollu.com\/site\/wp-json\/wp\/v2\/comments?post=11567"}],"version-history":[{"count":0,"href":"https:\/\/www.sylviebiollu.com\/site\/wp-json\/wp\/v2\/product\/11567\/revisions"}],"wp:featuredmedia":[{"embeddable":true,"href":"https:\/\/www.sylviebiollu.com\/site\/wp-json\/wp\/v2\/media\/11566"}],"wp:attachment":[{"href":"https:\/\/www.sylviebiollu.com\/site\/wp-json\/wp\/v2\/media?parent=11567"}],"wp:term":[{"taxonomy":"product_brand","embeddable":true,"href":"https:\/\/www.sylviebiollu.com\/site\/wp-json\/wp\/v2\/product_brand?post=11567"},{"taxonomy":"product_cat","embeddable":true,"href":"https:\/\/www.sylviebiollu.com\/site\/wp-json\/wp\/v2\/product_cat?post=11567"},{"taxonomy":"product_tag","embeddable":true,"href":"https:\/\/www.sylviebiollu.com\/site\/wp-json\/wp\/v2\/product_tag?post=11567"}],"curies":[{"name":"wp","href":"https:\/\/api.w.org\/{rel}","templated":true}]}}