{"id":11501,"date":"2024-06-11T22:46:19","date_gmt":"2024-06-11T20:46:19","guid":{"rendered":"https:\/\/www.sylviebiollu.com\/site\/collier-san-sebastian\/"},"modified":"2026-02-28T23:05:34","modified_gmt":"2026-02-28T22:05:34","slug":"collier-san-sebastian","status":"publish","type":"product","link":"https:\/\/www.sylviebiollu.com\/site\/collier-san-sebastian\/","title":{"rendered":"Collier San Sebastian"},"content":{"rendered":"<p><strong>Collier maille \u00e9pi plaqu\u00e9 or et pendentif laiton trait\u00e9 chance motif tr\u00e8fle longueur totale 45cm m\u00e9daille 30 mm<\/strong><\/p>\n","protected":false},"excerpt":{"rendered":"<p>Collier maille \u00e9pi plaqu\u00e9 or et pendentif laiton trait\u00e9 chance motif tr\u00e8fle longueur totale 45cm m\u00e9daille 30 mm<\/p>\n","protected":false},"featured_media":11499,"comment_status":"open","ping_status":"closed","template":"","meta":[],"product_brand":[],"product_cat":[116,6],"product_tag":[489,450,516,513,491,128],"class_list":{"0":"post-11501","1":"product","2":"type-product","3":"status-publish","4":"has-post-thumbnail","6":"product_cat-nouveautes","7":"product_cat-colliers","8":"product_tag-collier-reglable","9":"product_tag-medaille","10":"product_tag-medaille-porte-bonheur","11":"product_tag-motif-nature","12":"product_tag-motif-porte-bonheur","13":"product_tag-plaque-or","15":"first","16":"outofstock","17":"sold-individually","18":"shipping-taxable","19":"purchasable","20":"product-type-simple"},"_links":{"self":[{"href":"https:\/\/www.sylviebiollu.com\/site\/wp-json\/wp\/v2\/product\/11501","targetHints":{"allow":["GET"]}}],"collection":[{"href":"https:\/\/www.sylviebiollu.com\/site\/wp-json\/wp\/v2\/product"}],"about":[{"href":"https:\/\/www.sylviebiollu.com\/site\/wp-json\/wp\/v2\/types\/product"}],"replies":[{"embeddable":true,"href":"https:\/\/www.sylviebiollu.com\/site\/wp-json\/wp\/v2\/comments?post=11501"}],"version-history":[{"count":0,"href":"https:\/\/www.sylviebiollu.com\/site\/wp-json\/wp\/v2\/product\/11501\/revisions"}],"wp:featuredmedia":[{"embeddable":true,"href":"https:\/\/www.sylviebiollu.com\/site\/wp-json\/wp\/v2\/media\/11499"}],"wp:attachment":[{"href":"https:\/\/www.sylviebiollu.com\/site\/wp-json\/wp\/v2\/media?parent=11501"}],"wp:term":[{"taxonomy":"product_brand","embeddable":true,"href":"https:\/\/www.sylviebiollu.com\/site\/wp-json\/wp\/v2\/product_brand?post=11501"},{"taxonomy":"product_cat","embeddable":true,"href":"https:\/\/www.sylviebiollu.com\/site\/wp-json\/wp\/v2\/product_cat?post=11501"},{"taxonomy":"product_tag","embeddable":true,"href":"https:\/\/www.sylviebiollu.com\/site\/wp-json\/wp\/v2\/product_tag?post=11501"}],"curies":[{"name":"wp","href":"https:\/\/api.w.org\/{rel}","templated":true}]}}