{"id":11456,"date":"2024-01-18T00:52:40","date_gmt":"2024-01-17T23:52:40","guid":{"rendered":"https:\/\/www.sylviebiollu.com\/site\/creoles-plaque-or-noumea\/"},"modified":"2024-04-23T11:36:24","modified_gmt":"2024-04-23T09:36:24","slug":"creoles-plaque-or-noumea","status":"publish","type":"product","link":"https:\/\/www.sylviebiollu.com\/site\/creoles-plaque-or-noumea\/","title":{"rendered":"Cr\u00e9oles plaqu\u00e9 or Noum\u00e9a"},"content":{"rendered":"","protected":false},"excerpt":{"rendered":"<p><strong>Cr\u00e9oles plaqu\u00e9 or Noum\u00e9a <\/strong><\/p>\n<p><strong>Description :<\/strong><\/p>\n<p><strong>Cr\u00e9oles plaqu\u00e9 or 13 mm et motif amovible compos\u00e9 d&#8217;un pendant en abalone ovale 23&#215;18 mm et d&#8217;une petite perle de culture blanche et rondelle de strass dor\u00e9s , longueur totale 5,5 cm <\/strong><\/p>\n","protected":false},"featured_media":11452,"comment_status":"open","ping_status":"closed","template":"","meta":[],"product_brand":[],"product_cat":[116,9],"product_tag":[431,451,504,174,530,501,251,360,180],"class_list":{"0":"post-11456","1":"product","2":"type-product","3":"status-publish","4":"has-post-thumbnail","6":"product_cat-nouveautes","7":"product_cat-boucles-oreilles","8":"product_tag-abalone","9":"product_tag-boucles-doreilles-creoles-longues","10":"product_tag-boucles-doreilles-longues","11":"product_tag-creole","12":"product_tag-matiere-naturelle","13":"product_tag-nacre-naturelle","14":"product_tag-perle-de-culture","15":"product_tag-perle-naturelle","16":"product_tag-zirconium","18":"first","19":"instock","20":"sold-individually","21":"shipping-taxable","22":"purchasable","23":"product-type-simple"},"_links":{"self":[{"href":"https:\/\/www.sylviebiollu.com\/site\/wp-json\/wp\/v2\/product\/11456","targetHints":{"allow":["GET"]}}],"collection":[{"href":"https:\/\/www.sylviebiollu.com\/site\/wp-json\/wp\/v2\/product"}],"about":[{"href":"https:\/\/www.sylviebiollu.com\/site\/wp-json\/wp\/v2\/types\/product"}],"replies":[{"embeddable":true,"href":"https:\/\/www.sylviebiollu.com\/site\/wp-json\/wp\/v2\/comments?post=11456"}],"version-history":[{"count":0,"href":"https:\/\/www.sylviebiollu.com\/site\/wp-json\/wp\/v2\/product\/11456\/revisions"}],"wp:featuredmedia":[{"embeddable":true,"href":"https:\/\/www.sylviebiollu.com\/site\/wp-json\/wp\/v2\/media\/11452"}],"wp:attachment":[{"href":"https:\/\/www.sylviebiollu.com\/site\/wp-json\/wp\/v2\/media?parent=11456"}],"wp:term":[{"taxonomy":"product_brand","embeddable":true,"href":"https:\/\/www.sylviebiollu.com\/site\/wp-json\/wp\/v2\/product_brand?post=11456"},{"taxonomy":"product_cat","embeddable":true,"href":"https:\/\/www.sylviebiollu.com\/site\/wp-json\/wp\/v2\/product_cat?post=11456"},{"taxonomy":"product_tag","embeddable":true,"href":"https:\/\/www.sylviebiollu.com\/site\/wp-json\/wp\/v2\/product_tag?post=11456"}],"curies":[{"name":"wp","href":"https:\/\/api.w.org\/{rel}","templated":true}]}}