{"id":11396,"date":"2024-01-16T23:49:27","date_gmt":"2024-01-16T22:49:27","guid":{"rendered":"https:\/\/www.sylviebiollu.com\/site\/collier-metamorphose\/"},"modified":"2025-12-02T00:35:55","modified_gmt":"2025-12-01T23:35:55","slug":"collier-metamorphose","status":"publish","type":"product","link":"https:\/\/www.sylviebiollu.com\/site\/collier-metamorphose\/","title":{"rendered":"Collier M\u00e9tamorphose"},"content":{"rendered":"","protected":false},"excerpt":{"rendered":"<h2>Collier cha\u00eene plaqu\u00e9 or M\u00e9tamorphose<\/h2>\n<p>Description<\/p>\n<p>\u2022cha\u00eene maille for\u00e7at en plaqu\u00e9 or<\/p>\n<p>\u2022pendentif ovale en nacre 25&#215;18 mm et motif fleur de lotus superpos\u00e9 13 x15 mm<\/p>\n<p>\u2022Longueur pendentif 25 mm<\/p>\n<p>\u2022Longueur cha\u00eene 45 cm<\/p>\n","protected":false},"featured_media":11395,"comment_status":"open","ping_status":"closed","template":"","meta":[],"product_brand":[],"product_cat":[116,6],"product_tag":[510,167,385,511,501,128],"class_list":{"0":"post-11396","1":"product","2":"type-product","3":"status-publish","4":"has-post-thumbnail","6":"product_cat-nouveautes","7":"product_cat-colliers","8":"product_tag-chaine-maille-forcat","9":"product_tag-collier","10":"product_tag-fleur-de-lotus","11":"product_tag-nacre-blanche","12":"product_tag-nacre-naturelle","13":"product_tag-plaque-or","15":"first","16":"outofstock","17":"sold-individually","18":"shipping-taxable","19":"purchasable","20":"product-type-simple"},"_links":{"self":[{"href":"https:\/\/www.sylviebiollu.com\/site\/wp-json\/wp\/v2\/product\/11396","targetHints":{"allow":["GET"]}}],"collection":[{"href":"https:\/\/www.sylviebiollu.com\/site\/wp-json\/wp\/v2\/product"}],"about":[{"href":"https:\/\/www.sylviebiollu.com\/site\/wp-json\/wp\/v2\/types\/product"}],"replies":[{"embeddable":true,"href":"https:\/\/www.sylviebiollu.com\/site\/wp-json\/wp\/v2\/comments?post=11396"}],"version-history":[{"count":0,"href":"https:\/\/www.sylviebiollu.com\/site\/wp-json\/wp\/v2\/product\/11396\/revisions"}],"wp:featuredmedia":[{"embeddable":true,"href":"https:\/\/www.sylviebiollu.com\/site\/wp-json\/wp\/v2\/media\/11395"}],"wp:attachment":[{"href":"https:\/\/www.sylviebiollu.com\/site\/wp-json\/wp\/v2\/media?parent=11396"}],"wp:term":[{"taxonomy":"product_brand","embeddable":true,"href":"https:\/\/www.sylviebiollu.com\/site\/wp-json\/wp\/v2\/product_brand?post=11396"},{"taxonomy":"product_cat","embeddable":true,"href":"https:\/\/www.sylviebiollu.com\/site\/wp-json\/wp\/v2\/product_cat?post=11396"},{"taxonomy":"product_tag","embeddable":true,"href":"https:\/\/www.sylviebiollu.com\/site\/wp-json\/wp\/v2\/product_tag?post=11396"}],"curies":[{"name":"wp","href":"https:\/\/api.w.org\/{rel}","templated":true}]}}