{"id":11384,"date":"2024-01-16T22:31:25","date_gmt":"2024-01-16T21:31:25","guid":{"rendered":"https:\/\/www.sylviebiollu.com\/site\/boucles-doreilles-chance\/"},"modified":"2025-12-02T00:12:53","modified_gmt":"2025-12-01T23:12:53","slug":"boucles-doreilles-chance","status":"publish","type":"product","link":"https:\/\/www.sylviebiollu.com\/site\/boucles-doreilles-chance\/","title":{"rendered":"Boucles d\u2019oreilles Chance"},"content":{"rendered":"","protected":false},"excerpt":{"rendered":"<h2>Boucles d&#8217;oreilles Chance<\/h2>\n<p>Description :<\/p>\n<p>\u2022Boucles d&#8217;oreilles avec monture en plaqu\u00e9 or dormeuses<\/p>\n<p>\u2022Boucles d&#8217;oreilles longueur totale 5 cm orn\u00e9e d&#8217;un ovale Martel\u00e9 en laiton trait\u00e9 anti ternissement 3,5 x2,5 cm et tr\u00e8fle \u00e0 quatre feuilles en nacre de Tahiti facett\u00e9 12 mm environ suspendu<\/p>\n","protected":false},"featured_media":11382,"comment_status":"open","ping_status":"closed","template":"","meta":[],"product_brand":[],"product_cat":[116,9],"product_tag":[495,504,503,454,492,128,438,404],"class_list":{"0":"post-11384","1":"product","2":"type-product","3":"status-publish","4":"has-post-thumbnail","6":"product_cat-nouveautes","7":"product_cat-boucles-oreilles","8":"product_tag-boucles-doreilles","9":"product_tag-boucles-doreilles-longues","10":"product_tag-dormeuses","11":"product_tag-nacre-de-tahiti","12":"product_tag-nacre-naturelle-a-facette","13":"product_tag-plaque-or","14":"product_tag-trefle","15":"product_tag-trefle-a-4-feuilles","17":"first","18":"instock","19":"sold-individually","20":"shipping-taxable","21":"purchasable","22":"product-type-simple"},"_links":{"self":[{"href":"https:\/\/www.sylviebiollu.com\/site\/wp-json\/wp\/v2\/product\/11384","targetHints":{"allow":["GET"]}}],"collection":[{"href":"https:\/\/www.sylviebiollu.com\/site\/wp-json\/wp\/v2\/product"}],"about":[{"href":"https:\/\/www.sylviebiollu.com\/site\/wp-json\/wp\/v2\/types\/product"}],"replies":[{"embeddable":true,"href":"https:\/\/www.sylviebiollu.com\/site\/wp-json\/wp\/v2\/comments?post=11384"}],"version-history":[{"count":1,"href":"https:\/\/www.sylviebiollu.com\/site\/wp-json\/wp\/v2\/product\/11384\/revisions"}],"predecessor-version":[{"id":11721,"href":"https:\/\/www.sylviebiollu.com\/site\/wp-json\/wp\/v2\/product\/11384\/revisions\/11721"}],"wp:featuredmedia":[{"embeddable":true,"href":"https:\/\/www.sylviebiollu.com\/site\/wp-json\/wp\/v2\/media\/11382"}],"wp:attachment":[{"href":"https:\/\/www.sylviebiollu.com\/site\/wp-json\/wp\/v2\/media?parent=11384"}],"wp:term":[{"taxonomy":"product_brand","embeddable":true,"href":"https:\/\/www.sylviebiollu.com\/site\/wp-json\/wp\/v2\/product_brand?post=11384"},{"taxonomy":"product_cat","embeddable":true,"href":"https:\/\/www.sylviebiollu.com\/site\/wp-json\/wp\/v2\/product_cat?post=11384"},{"taxonomy":"product_tag","embeddable":true,"href":"https:\/\/www.sylviebiollu.com\/site\/wp-json\/wp\/v2\/product_tag?post=11384"}],"curies":[{"name":"wp","href":"https:\/\/api.w.org\/{rel}","templated":true}]}}