{"id":10823,"date":"2023-09-18T17:07:34","date_gmt":"2023-09-18T15:07:34","guid":{"rendered":"https:\/\/www.sylviebiollu.com\/site\/?post_type=product&#038;p=10823"},"modified":"2025-12-02T00:20:13","modified_gmt":"2025-12-01T23:20:13","slug":"boucles-doreilles-nella","status":"publish","type":"product","link":"https:\/\/www.sylviebiollu.com\/site\/boucles-doreilles-nella\/","title":{"rendered":"Boucles d&#8217;oreilles Nella"},"content":{"rendered":"","protected":false},"excerpt":{"rendered":"<h2>Boucles d\u2019oreilles Nella, plaqu\u00e9 or, laiton et nacre de Tahiti<\/h2>\n<h2><strong>Description<\/strong>\u00a0:<\/h2>\n<ul>\n<li>Monture de boucle d&#8217;oreilles dormeuse en plaqu\u00e9 or<\/li>\n<li>Ornement feuille en laiton sabl\u00e9 et mini fleur \u00e9toil\u00e9e en nacre de Tahiti facett\u00e9e<\/li>\n<\/ul>\n","protected":false},"featured_media":10824,"comment_status":"closed","ping_status":"closed","template":"","meta":[],"product_brand":[383],"product_cat":[116,9],"product_tag":[430,428,139,130,454,128],"class_list":{"0":"post-10823","1":"product","2":"type-product","3":"status-publish","4":"has-post-thumbnail","6":"product_brand-sylvie-biollu","7":"product_cat-nouveautes","8":"product_cat-boucles-oreilles","9":"product_tag-boucle","10":"product_tag-dore","11":"product_tag-feuille","12":"product_tag-laiton","13":"product_tag-nacre-de-tahiti","14":"product_tag-plaque-or","16":"first","17":"instock","18":"shipping-taxable","19":"purchasable","20":"product-type-simple"},"_links":{"self":[{"href":"https:\/\/www.sylviebiollu.com\/site\/wp-json\/wp\/v2\/product\/10823","targetHints":{"allow":["GET"]}}],"collection":[{"href":"https:\/\/www.sylviebiollu.com\/site\/wp-json\/wp\/v2\/product"}],"about":[{"href":"https:\/\/www.sylviebiollu.com\/site\/wp-json\/wp\/v2\/types\/product"}],"replies":[{"embeddable":true,"href":"https:\/\/www.sylviebiollu.com\/site\/wp-json\/wp\/v2\/comments?post=10823"}],"version-history":[{"count":1,"href":"https:\/\/www.sylviebiollu.com\/site\/wp-json\/wp\/v2\/product\/10823\/revisions"}],"predecessor-version":[{"id":10826,"href":"https:\/\/www.sylviebiollu.com\/site\/wp-json\/wp\/v2\/product\/10823\/revisions\/10826"}],"wp:featuredmedia":[{"embeddable":true,"href":"https:\/\/www.sylviebiollu.com\/site\/wp-json\/wp\/v2\/media\/10824"}],"wp:attachment":[{"href":"https:\/\/www.sylviebiollu.com\/site\/wp-json\/wp\/v2\/media?parent=10823"}],"wp:term":[{"taxonomy":"product_brand","embeddable":true,"href":"https:\/\/www.sylviebiollu.com\/site\/wp-json\/wp\/v2\/product_brand?post=10823"},{"taxonomy":"product_cat","embeddable":true,"href":"https:\/\/www.sylviebiollu.com\/site\/wp-json\/wp\/v2\/product_cat?post=10823"},{"taxonomy":"product_tag","embeddable":true,"href":"https:\/\/www.sylviebiollu.com\/site\/wp-json\/wp\/v2\/product_tag?post=10823"}],"curies":[{"name":"wp","href":"https:\/\/api.w.org\/{rel}","templated":true}]}}