{"id":10171,"date":"2022-11-05T14:32:13","date_gmt":"2022-11-05T13:32:13","guid":{"rendered":"https:\/\/www.sylviebiollu.com\/site\/?post_type=product&#038;p=10171"},"modified":"2025-12-03T15:31:36","modified_gmt":"2025-12-03T14:31:36","slug":"bague-camee-doree-or-fin-ornella","status":"publish","type":"product","link":"https:\/\/www.sylviebiollu.com\/site\/bague-camee-doree-or-fin-ornella\/","title":{"rendered":"Bague Cam\u00e9e dor\u00e9e or fin Ornella"},"content":{"rendered":"","protected":false},"excerpt":{"rendered":"<h2>Bague Camee dor\u00e9e or fin 24 carats, ajustable.<\/h2>\n<p><strong>Ornements<\/strong> :\u00a0Camee en nacre rose et blanche 15 x12 mm environ.<\/p>\n","protected":false},"featured_media":10174,"comment_status":"closed","ping_status":"closed","template":"","meta":[],"product_brand":[383],"product_cat":[116,11],"product_tag":[421,366,123],"class_list":{"0":"post-10171","1":"product","2":"type-product","3":"status-publish","4":"has-post-thumbnail","6":"product_brand-sylvie-biollu","7":"product_cat-nouveautes","8":"product_cat-bagues","9":"product_tag-camee","10":"product_tag-dore-or-fin","11":"product_tag-nacre","13":"first","14":"outofstock","15":"shipping-taxable","16":"purchasable","17":"product-type-simple"},"_links":{"self":[{"href":"https:\/\/www.sylviebiollu.com\/site\/wp-json\/wp\/v2\/product\/10171","targetHints":{"allow":["GET"]}}],"collection":[{"href":"https:\/\/www.sylviebiollu.com\/site\/wp-json\/wp\/v2\/product"}],"about":[{"href":"https:\/\/www.sylviebiollu.com\/site\/wp-json\/wp\/v2\/types\/product"}],"replies":[{"embeddable":true,"href":"https:\/\/www.sylviebiollu.com\/site\/wp-json\/wp\/v2\/comments?post=10171"}],"version-history":[{"count":2,"href":"https:\/\/www.sylviebiollu.com\/site\/wp-json\/wp\/v2\/product\/10171\/revisions"}],"predecessor-version":[{"id":11914,"href":"https:\/\/www.sylviebiollu.com\/site\/wp-json\/wp\/v2\/product\/10171\/revisions\/11914"}],"wp:featuredmedia":[{"embeddable":true,"href":"https:\/\/www.sylviebiollu.com\/site\/wp-json\/wp\/v2\/media\/10174"}],"wp:attachment":[{"href":"https:\/\/www.sylviebiollu.com\/site\/wp-json\/wp\/v2\/media?parent=10171"}],"wp:term":[{"taxonomy":"product_brand","embeddable":true,"href":"https:\/\/www.sylviebiollu.com\/site\/wp-json\/wp\/v2\/product_brand?post=10171"},{"taxonomy":"product_cat","embeddable":true,"href":"https:\/\/www.sylviebiollu.com\/site\/wp-json\/wp\/v2\/product_cat?post=10171"},{"taxonomy":"product_tag","embeddable":true,"href":"https:\/\/www.sylviebiollu.com\/site\/wp-json\/wp\/v2\/product_tag?post=10171"}],"curies":[{"name":"wp","href":"https:\/\/api.w.org\/{rel}","templated":true}]}}