{"id":10127,"date":"2022-11-04T23:05:54","date_gmt":"2022-11-04T22:05:54","guid":{"rendered":"https:\/\/www.sylviebiollu.com\/site\/?post_type=product&#038;p=10127"},"modified":"2025-12-02T00:29:14","modified_gmt":"2025-12-01T23:29:14","slug":"bracelet-fil-reglable-70-day","status":"publish","type":"product","link":"https:\/\/www.sylviebiollu.com\/site\/bracelet-fil-reglable-70-day\/","title":{"rendered":"Bracelet fil r\u00e9glable 70 Day"},"content":{"rendered":"","protected":false},"excerpt":{"rendered":"<h2>Bracelet fil r\u00e9glable en fil de jade gris anthracite, attache type &#8220;macram\u00e9&#8221;, avec \u00a0perle de culture blanche.<\/h2>\n<p>Ornements : Belle perle de culture de couleur blanche et pierres naturelles h\u00e9matites dor\u00e9es.<\/p>\n","protected":false},"featured_media":10132,"comment_status":"closed","ping_status":"closed","template":"","meta":[],"product_brand":[383],"product_cat":[10],"product_tag":[418,371,251,154],"class_list":{"0":"post-10127","1":"product","2":"type-product","3":"status-publish","4":"has-post-thumbnail","6":"product_brand-sylvie-biollu","7":"product_cat-bracelets","8":"product_tag-hematite","9":"product_tag-macrame","10":"product_tag-perle-de-culture","11":"product_tag-pierre-naturelle","13":"first","14":"instock","15":"shipping-taxable","16":"purchasable","17":"product-type-simple"},"_links":{"self":[{"href":"https:\/\/www.sylviebiollu.com\/site\/wp-json\/wp\/v2\/product\/10127","targetHints":{"allow":["GET"]}}],"collection":[{"href":"https:\/\/www.sylviebiollu.com\/site\/wp-json\/wp\/v2\/product"}],"about":[{"href":"https:\/\/www.sylviebiollu.com\/site\/wp-json\/wp\/v2\/types\/product"}],"replies":[{"embeddable":true,"href":"https:\/\/www.sylviebiollu.com\/site\/wp-json\/wp\/v2\/comments?post=10127"}],"version-history":[{"count":2,"href":"https:\/\/www.sylviebiollu.com\/site\/wp-json\/wp\/v2\/product\/10127\/revisions"}],"predecessor-version":[{"id":10138,"href":"https:\/\/www.sylviebiollu.com\/site\/wp-json\/wp\/v2\/product\/10127\/revisions\/10138"}],"wp:featuredmedia":[{"embeddable":true,"href":"https:\/\/www.sylviebiollu.com\/site\/wp-json\/wp\/v2\/media\/10132"}],"wp:attachment":[{"href":"https:\/\/www.sylviebiollu.com\/site\/wp-json\/wp\/v2\/media?parent=10127"}],"wp:term":[{"taxonomy":"product_brand","embeddable":true,"href":"https:\/\/www.sylviebiollu.com\/site\/wp-json\/wp\/v2\/product_brand?post=10127"},{"taxonomy":"product_cat","embeddable":true,"href":"https:\/\/www.sylviebiollu.com\/site\/wp-json\/wp\/v2\/product_cat?post=10127"},{"taxonomy":"product_tag","embeddable":true,"href":"https:\/\/www.sylviebiollu.com\/site\/wp-json\/wp\/v2\/product_tag?post=10127"}],"curies":[{"name":"wp","href":"https:\/\/api.w.org\/{rel}","templated":true}]}}