{"id":10093,"date":"2022-11-04T17:45:04","date_gmt":"2022-11-04T16:45:04","guid":{"rendered":"https:\/\/www.sylviebiollu.com\/site\/?post_type=product&#038;p=10093"},"modified":"2024-04-23T11:34:56","modified_gmt":"2024-04-23T09:34:56","slug":"collier-plaque-or-princesse-42-45cm","status":"publish","type":"product","link":"https:\/\/www.sylviebiollu.com\/site\/collier-plaque-or-princesse-42-45cm\/","title":{"rendered":"Collier plaqu\u00e9 or Princesse 42-45cm"},"content":{"rendered":"","protected":false},"excerpt":{"rendered":"<h2>Collier plaqu\u00e9 or avec chaine en maille altern\u00e9e rectangle et rond, de longueur r\u00e9glable entre 42 et 45 cm, agr\u00e9ment\u00e9 d&#8217;une magnifique pierre en malachite.<\/h2>\n<h2><span style=\"color: #333333;font-size: 1rem\">Ornements : pendentif en pierre naturelle malachite, en forme de goutte d&#8217;environ 20 mm.<\/span><\/h2>\n","protected":false},"featured_media":10094,"comment_status":"closed","ping_status":"closed","template":"","meta":[],"product_brand":[383],"product_cat":[116,6],"product_tag":[177,154,128],"class_list":{"0":"post-10093","1":"product","2":"type-product","3":"status-publish","4":"has-post-thumbnail","6":"product_brand-sylvie-biollu","7":"product_cat-nouveautes","8":"product_cat-colliers","9":"product_tag-malachite","10":"product_tag-pierre-naturelle","11":"product_tag-plaque-or","13":"first","14":"instock","15":"shipping-taxable","16":"purchasable","17":"product-type-simple"},"_links":{"self":[{"href":"https:\/\/www.sylviebiollu.com\/site\/wp-json\/wp\/v2\/product\/10093","targetHints":{"allow":["GET"]}}],"collection":[{"href":"https:\/\/www.sylviebiollu.com\/site\/wp-json\/wp\/v2\/product"}],"about":[{"href":"https:\/\/www.sylviebiollu.com\/site\/wp-json\/wp\/v2\/types\/product"}],"replies":[{"embeddable":true,"href":"https:\/\/www.sylviebiollu.com\/site\/wp-json\/wp\/v2\/comments?post=10093"}],"version-history":[{"count":1,"href":"https:\/\/www.sylviebiollu.com\/site\/wp-json\/wp\/v2\/product\/10093\/revisions"}],"predecessor-version":[{"id":10095,"href":"https:\/\/www.sylviebiollu.com\/site\/wp-json\/wp\/v2\/product\/10093\/revisions\/10095"}],"wp:featuredmedia":[{"embeddable":true,"href":"https:\/\/www.sylviebiollu.com\/site\/wp-json\/wp\/v2\/media\/10094"}],"wp:attachment":[{"href":"https:\/\/www.sylviebiollu.com\/site\/wp-json\/wp\/v2\/media?parent=10093"}],"wp:term":[{"taxonomy":"product_brand","embeddable":true,"href":"https:\/\/www.sylviebiollu.com\/site\/wp-json\/wp\/v2\/product_brand?post=10093"},{"taxonomy":"product_cat","embeddable":true,"href":"https:\/\/www.sylviebiollu.com\/site\/wp-json\/wp\/v2\/product_cat?post=10093"},{"taxonomy":"product_tag","embeddable":true,"href":"https:\/\/www.sylviebiollu.com\/site\/wp-json\/wp\/v2\/product_tag?post=10093"}],"curies":[{"name":"wp","href":"https:\/\/api.w.org\/{rel}","templated":true}]}}