{"id":10086,"date":"2022-11-04T17:33:21","date_gmt":"2022-11-04T16:33:21","guid":{"rendered":"https:\/\/www.sylviebiollu.com\/site\/?post_type=product&#038;p=10086"},"modified":"2022-11-04T17:39:25","modified_gmt":"2022-11-04T16:39:25","slug":"collier-plaque-or-esperance-40-45cm","status":"publish","type":"product","link":"https:\/\/www.sylviebiollu.com\/site\/collier-plaque-or-esperance-40-45cm\/","title":{"rendered":"Collier plaqu\u00e9 or Esp\u00e9rance 40-45cm"},"content":{"rendered":"","protected":false},"excerpt":{"rendered":"<h2>Collier plaqu\u00e9 or avec chaine de longueur r\u00e9glable entre 40 et 45 cm, tout en pierres naturelles.<\/h2>\n<h2><span style=\"color: #333333; font-size: 1rem;\">Ornements : pierres naturelles p\u00e9ridot avec inserts de perles en plaqu\u00e9 or, agr\u00e9ment\u00e9 d&#8217;un pendentif en am\u00e9thyste verte de 0,6 mm.<\/span><\/h2>\n","protected":false},"featured_media":10087,"comment_status":"closed","ping_status":"closed","template":"","meta":[],"product_brand":[383],"product_cat":[116,6],"product_tag":[341,416,154,128],"class_list":{"0":"post-10086","1":"product","2":"type-product","3":"status-publish","4":"has-post-thumbnail","6":"product_brand-sylvie-biollu","7":"product_cat-nouveautes","8":"product_cat-colliers","9":"product_tag-amethyste","10":"product_tag-peridot","11":"product_tag-pierre-naturelle","12":"product_tag-plaque-or","14":"first","15":"instock","16":"shipping-taxable","17":"purchasable","18":"product-type-simple"},"_links":{"self":[{"href":"https:\/\/www.sylviebiollu.com\/site\/wp-json\/wp\/v2\/product\/10086","targetHints":{"allow":["GET"]}}],"collection":[{"href":"https:\/\/www.sylviebiollu.com\/site\/wp-json\/wp\/v2\/product"}],"about":[{"href":"https:\/\/www.sylviebiollu.com\/site\/wp-json\/wp\/v2\/types\/product"}],"replies":[{"embeddable":true,"href":"https:\/\/www.sylviebiollu.com\/site\/wp-json\/wp\/v2\/comments?post=10086"}],"version-history":[{"count":2,"href":"https:\/\/www.sylviebiollu.com\/site\/wp-json\/wp\/v2\/product\/10086\/revisions"}],"predecessor-version":[{"id":10089,"href":"https:\/\/www.sylviebiollu.com\/site\/wp-json\/wp\/v2\/product\/10086\/revisions\/10089"}],"wp:featuredmedia":[{"embeddable":true,"href":"https:\/\/www.sylviebiollu.com\/site\/wp-json\/wp\/v2\/media\/10087"}],"wp:attachment":[{"href":"https:\/\/www.sylviebiollu.com\/site\/wp-json\/wp\/v2\/media?parent=10086"}],"wp:term":[{"taxonomy":"product_brand","embeddable":true,"href":"https:\/\/www.sylviebiollu.com\/site\/wp-json\/wp\/v2\/product_brand?post=10086"},{"taxonomy":"product_cat","embeddable":true,"href":"https:\/\/www.sylviebiollu.com\/site\/wp-json\/wp\/v2\/product_cat?post=10086"},{"taxonomy":"product_tag","embeddable":true,"href":"https:\/\/www.sylviebiollu.com\/site\/wp-json\/wp\/v2\/product_tag?post=10086"}],"curies":[{"name":"wp","href":"https:\/\/api.w.org\/{rel}","templated":true}]}}