{"id":10082,"date":"2022-11-04T17:24:32","date_gmt":"2022-11-04T16:24:32","guid":{"rendered":"https:\/\/www.sylviebiollu.com\/site\/?post_type=product&#038;p=10082"},"modified":"2024-04-23T11:32:39","modified_gmt":"2024-04-23T09:32:39","slug":"collier-plaque-or-ma-famille-42cm","status":"publish","type":"product","link":"https:\/\/www.sylviebiollu.com\/site\/collier-plaque-or-ma-famille-42cm\/","title":{"rendered":"Collier plaqu\u00e9 or Ma Famille 42cm"},"content":{"rendered":"","protected":false},"excerpt":{"rendered":"<h2>Collier plaqu\u00e9 or avec chaine de longueur 42 cm, pi\u00e8ce en nacre et arbre de vie.<\/h2>\n<h2><span style=\"color: #333333;font-size: 1rem\">Ornements : m\u00e9daille compos\u00e9e d\u2019une pi\u00e8ce de nacre de 20 mm environ et d\u2019un arbre de vie avec zirconium suspendu de 15 mm environ.<\/span><\/h2>\n","protected":false},"featured_media":10083,"comment_status":"closed","ping_status":"closed","template":"","meta":[],"product_brand":[383],"product_cat":[6],"product_tag":[135,123,128,369],"class_list":{"0":"post-10082","1":"product","2":"type-product","3":"status-publish","4":"has-post-thumbnail","6":"product_brand-sylvie-biollu","7":"product_cat-colliers","8":"product_tag-arbre-de-vie","9":"product_tag-nacre","10":"product_tag-plaque-or","11":"product_tag-symbole","13":"first","14":"instock","15":"shipping-taxable","16":"purchasable","17":"product-type-simple"},"_links":{"self":[{"href":"https:\/\/www.sylviebiollu.com\/site\/wp-json\/wp\/v2\/product\/10082","targetHints":{"allow":["GET"]}}],"collection":[{"href":"https:\/\/www.sylviebiollu.com\/site\/wp-json\/wp\/v2\/product"}],"about":[{"href":"https:\/\/www.sylviebiollu.com\/site\/wp-json\/wp\/v2\/types\/product"}],"replies":[{"embeddable":true,"href":"https:\/\/www.sylviebiollu.com\/site\/wp-json\/wp\/v2\/comments?post=10082"}],"version-history":[{"count":2,"href":"https:\/\/www.sylviebiollu.com\/site\/wp-json\/wp\/v2\/product\/10082\/revisions"}],"predecessor-version":[{"id":10085,"href":"https:\/\/www.sylviebiollu.com\/site\/wp-json\/wp\/v2\/product\/10082\/revisions\/10085"}],"wp:featuredmedia":[{"embeddable":true,"href":"https:\/\/www.sylviebiollu.com\/site\/wp-json\/wp\/v2\/media\/10083"}],"wp:attachment":[{"href":"https:\/\/www.sylviebiollu.com\/site\/wp-json\/wp\/v2\/media?parent=10082"}],"wp:term":[{"taxonomy":"product_brand","embeddable":true,"href":"https:\/\/www.sylviebiollu.com\/site\/wp-json\/wp\/v2\/product_brand?post=10082"},{"taxonomy":"product_cat","embeddable":true,"href":"https:\/\/www.sylviebiollu.com\/site\/wp-json\/wp\/v2\/product_cat?post=10082"},{"taxonomy":"product_tag","embeddable":true,"href":"https:\/\/www.sylviebiollu.com\/site\/wp-json\/wp\/v2\/product_tag?post=10082"}],"curies":[{"name":"wp","href":"https:\/\/api.w.org\/{rel}","templated":true}]}}